{"id":1074,"date":"2026-02-18T22:16:39","date_gmt":"2026-02-18T22:16:39","guid":{"rendered":"https:\/\/www.alex.creation-site-divi.fr\/?page_id=1074"},"modified":"2026-02-18T22:23:33","modified_gmt":"2026-02-18T22:23:33","slug":"bootcamp-2","status":"publish","type":"page","link":"https:\/\/www.alex.creation-site-divi.fr\/index.php\/bootcamp-2\/","title":{"rendered":"BOOTCAMP"},"content":{"rendered":"\t\t<div data-elementor-type=\"wp-page\" data-elementor-id=\"1074\" class=\"elementor elementor-1074\" data-elementor-post-type=\"page\">\n\t\t\t\t<div class=\"elementor-element elementor-element-26a651ec e-flex e-con-boxed e-con e-parent\" data-id=\"26a651ec\" data-element_type=\"container\" data-e-type=\"container\" data-settings=\"{&quot;background_background&quot;:&quot;classic&quot;}\">\n\t\t\t\t\t<div class=\"e-con-inner\">\n\t\t\t\t<div class=\"elementor-element elementor-element-24d9c13c elementor-widget elementor-widget-text-editor\" data-id=\"24d9c13c\" data-element_type=\"widget\" data-e-type=\"widget\" data-widget_type=\"text-editor.default\">\n\t\t\t\t\t\t\t\t\t<h1><span style=\"color: #ffffff;\">BOOTCAMP<\/span><\/h1><h1 class=\"mb-0\"><span style=\"color: #ffffff;\">L&rsquo;\u00e9vasion commence dans la\u00a0<b class=\"outline-text fw-800\">dark room<\/b><\/span><\/h1>\t\t\t\t\t\t\t\t<\/div>\n\t\t\t\t<div class=\"elementor-element elementor-element-5944fc0 elementor-align-center elementor-widget elementor-widget-button\" data-id=\"5944fc0\" data-element_type=\"widget\" data-e-type=\"widget\" data-widget_type=\"button.default\">\n\t\t\t\t\t\t\t\t\t\t<a class=\"elementor-button elementor-button-link elementor-size-sm\" href=\"#\">\n\t\t\t\t\t\t<span class=\"elementor-button-content-wrapper\">\n\t\t\t\t\t\t\t\t\t<span class=\"elementor-button-text\">R\u00c9SERVEZ MAINTENANT<\/span>\n\t\t\t\t\t<\/span>\n\t\t\t\t\t<\/a>\n\t\t\t\t\t\t\t\t<\/div>\n\t\t\t\t\t<\/div>\n\t\t\t\t<\/div>\n\t\t<div class=\"elementor-element elementor-element-509b2fc3 e-flex e-con-boxed e-con e-parent\" data-id=\"509b2fc3\" data-element_type=\"container\" data-e-type=\"container\" data-settings=\"{&quot;background_background&quot;:&quot;classic&quot;}\">\n\t\t\t\t\t<div class=\"e-con-inner\">\n\t\t\t\t<div class=\"elementor-element elementor-element-45e09f25 elementor-widget-divider--view-line elementor-widget elementor-widget-divider\" data-id=\"45e09f25\" data-element_type=\"widget\" data-e-type=\"widget\" data-widget_type=\"divider.default\">\n\t\t\t\t\t\t\t<div class=\"elementor-divider\">\n\t\t\t<span class=\"elementor-divider-separator\">\n\t\t\t\t\t\t<\/span>\n\t\t<\/div>\n\t\t\t\t\t\t<\/div>\n\t\t\t\t<div class=\"elementor-element elementor-element-7d075036 elementor-widget elementor-widget-text-editor\" data-id=\"7d075036\" data-element_type=\"widget\" data-e-type=\"widget\" data-widget_type=\"text-editor.default\">\n\t\t\t\t\t\t\t\t\t<h6><span style=\"color: #000000;\">POURQUOI CHOISIR ATHLETX REBEL ?<\/span><\/h6><h3 class=\"contact-form-h3 text-left\"><span style=\"color: #000000;\">NOS ACTIVIT\u00c9S SONT INNOVANTES ET VRAIMENT DIFF\u00c9RENTES<\/span><\/h3><h5><span style=\"color: #000000;\">\ud83d\udd25 MOVE AND BURN<\/span><\/h5><p class=\"contact-form-p text-left\"><span style=\"color: #000000;\">Br\u00fblez jusqu&rsquo;\u00e0 1 000 calories gr\u00e2ce \u00e0 Nos activit\u00e9s compos\u00e9es d\u2019intervalles \u00e0 haute intensit\u00e9. Vous allez aimer repousser vos limites.<\/span><\/p><h5><span style=\"color: #000000;\">\u26a1\ufe0f TOUJOURS PLUS INSPIRANTS<\/span><\/h5><p class=\"contact-form-p text-left\"><span style=\"color: #000000;\">Nos coachs parmi les meilleurs vous guident et vous motivent \u00e0 donner le meilleur de vous.<\/span><\/p><h5><span style=\"color: #000000;\">\ud83c\udfa7 DES RYTHMES PUISSANTS<\/span><\/h5><p class=\"contact-form-p text-left\"><span style=\"color: #000000;\">Nos playlist soigneusement s\u00e9lectionn\u00e9es vous incitent \u00e0 courir plus vite, \u00e0 sauter plus haut et \u00e0 aller toujours plus loin.<\/span><\/p><h5><span style=\"color: #000000;\">\ud83d\udc65 COMMUNAUT\u00c9<\/span><\/h5><p class=\"contact-form-p text-left\"><span style=\"color: #000000;\">L&rsquo;union fait la force. ATLETHX REBEL veille \u00e0 entretenir un esprit de famille conviviale. Vous allez vous sentir comme \u00e0 la maison.<\/span><\/p>\t\t\t\t\t\t\t\t<\/div>\n\t\t\t\t\t<\/div>\n\t\t\t\t<\/div>\n\t\t<div class=\"elementor-element elementor-element-f95aa5c e-flex e-con-boxed e-con e-parent\" data-id=\"f95aa5c\" data-element_type=\"container\" data-e-type=\"container\" data-settings=\"{&quot;background_background&quot;:&quot;classic&quot;}\">\n\t\t\t\t\t<div class=\"e-con-inner\">\n\t\t\t\t<div class=\"elementor-element elementor-element-f9a8826 elementor-widget-divider--view-line elementor-widget elementor-widget-divider\" data-id=\"f9a8826\" data-element_type=\"widget\" data-e-type=\"widget\" data-widget_type=\"divider.default\">\n\t\t\t\t\t\t\t<div class=\"elementor-divider\">\n\t\t\t<span class=\"elementor-divider-separator\">\n\t\t\t\t\t\t<\/span>\n\t\t<\/div>\n\t\t\t\t\t\t<\/div>\n\t\t\t\t<div class=\"elementor-element elementor-element-472d034 elementor-widget elementor-widget-text-editor\" data-id=\"472d034\" data-element_type=\"widget\" data-e-type=\"widget\" data-widget_type=\"text-editor.default\">\n\t\t\t\t\t\t\t\t\t<h6><span style=\"color: #000000;\">Ce que dit la science<\/span><\/h6><h3 class=\"contact-form-h3 text-left\">QUELS B\u00c9N\u00c9FICES TIRER DE NOS ENTRA\u00ceNEMENTS?<\/h3>\t\t\t\t\t\t\t\t<\/div>\n\t\t\t\t<div class=\"elementor-element elementor-element-e81df3d elementor-position-left elementor-vertical-align-middle elementor-widget elementor-widget-image-box\" data-id=\"e81df3d\" data-element_type=\"widget\" data-e-type=\"widget\" data-widget_type=\"image-box.default\">\n\t\t\t\t\t<div class=\"elementor-image-box-wrapper\"><figure class=\"elementor-image-box-img\"><img fetchpriority=\"high\" decoding=\"async\" width=\"706\" height=\"647\" src=\"https:\/\/www.alex.creation-site-divi.fr\/wp-content\/uploads\/2026\/02\/logo-md-x.png\" class=\"attachment-full size-full wp-image-273\" alt=\"\" srcset=\"https:\/\/www.alex.creation-site-divi.fr\/wp-content\/uploads\/2026\/02\/logo-md-x.png 706w, https:\/\/www.alex.creation-site-divi.fr\/wp-content\/uploads\/2026\/02\/logo-md-x-300x275.png 300w\" sizes=\"(max-width: 706px) 100vw, 706px\" \/><\/figure><div class=\"elementor-image-box-content\"><p class=\"elementor-image-box-description\">Plus de 1 000 calories d\u00e9pens\u00e9es en 45 \u00e0 60 minutes<\/p><\/div><\/div>\t\t\t\t<\/div>\n\t\t\t\t<div class=\"elementor-element elementor-element-4753ed4 elementor-position-left elementor-vertical-align-middle elementor-widget elementor-widget-image-box\" data-id=\"4753ed4\" data-element_type=\"widget\" data-e-type=\"widget\" data-widget_type=\"image-box.default\">\n\t\t\t\t\t<div class=\"elementor-image-box-wrapper\"><figure class=\"elementor-image-box-img\"><img fetchpriority=\"high\" decoding=\"async\" width=\"706\" height=\"647\" src=\"https:\/\/www.alex.creation-site-divi.fr\/wp-content\/uploads\/2026\/02\/logo-md-x.png\" class=\"attachment-full size-full wp-image-273\" alt=\"\" srcset=\"https:\/\/www.alex.creation-site-divi.fr\/wp-content\/uploads\/2026\/02\/logo-md-x.png 706w, https:\/\/www.alex.creation-site-divi.fr\/wp-content\/uploads\/2026\/02\/logo-md-x-300x275.png 300w\" sizes=\"(max-width: 706px) 100vw, 706px\" \/><\/figure><div class=\"elementor-image-box-content\"><p class=\"elementor-image-box-description\">Entra\u00eenement cardio et musculation complet<\/p><\/div><\/div>\t\t\t\t<\/div>\n\t\t\t\t<div class=\"elementor-element elementor-element-296c7e1 elementor-position-left elementor-vertical-align-middle elementor-widget elementor-widget-image-box\" data-id=\"296c7e1\" data-element_type=\"widget\" data-e-type=\"widget\" data-widget_type=\"image-box.default\">\n\t\t\t\t\t<div class=\"elementor-image-box-wrapper\"><figure class=\"elementor-image-box-img\"><img fetchpriority=\"high\" decoding=\"async\" width=\"706\" height=\"647\" src=\"https:\/\/www.alex.creation-site-divi.fr\/wp-content\/uploads\/2026\/02\/logo-md-x.png\" class=\"attachment-full size-full wp-image-273\" alt=\"\" srcset=\"https:\/\/www.alex.creation-site-divi.fr\/wp-content\/uploads\/2026\/02\/logo-md-x.png 706w, https:\/\/www.alex.creation-site-divi.fr\/wp-content\/uploads\/2026\/02\/logo-md-x-300x275.png 300w\" sizes=\"(max-width: 706px) 100vw, 706px\" \/><\/figure><div class=\"elementor-image-box-content\"><p class=\"elementor-image-box-description\">Augmentation de votre fr\u00e9quence cardiaque Max\n\n<\/p><\/div><\/div>\t\t\t\t<\/div>\n\t\t\t\t<div class=\"elementor-element elementor-element-7cd6834 elementor-position-left elementor-vertical-align-middle elementor-widget elementor-widget-image-box\" data-id=\"7cd6834\" data-element_type=\"widget\" data-e-type=\"widget\" data-widget_type=\"image-box.default\">\n\t\t\t\t\t<div class=\"elementor-image-box-wrapper\"><figure class=\"elementor-image-box-img\"><img fetchpriority=\"high\" decoding=\"async\" width=\"706\" height=\"647\" src=\"https:\/\/www.alex.creation-site-divi.fr\/wp-content\/uploads\/2026\/02\/logo-md-x.png\" class=\"attachment-full size-full wp-image-273\" alt=\"\" srcset=\"https:\/\/www.alex.creation-site-divi.fr\/wp-content\/uploads\/2026\/02\/logo-md-x.png 706w, https:\/\/www.alex.creation-site-divi.fr\/wp-content\/uploads\/2026\/02\/logo-md-x-300x275.png 300w\" sizes=\"(max-width: 706px) 100vw, 706px\" \/><\/figure><div class=\"elementor-image-box-content\"><p class=\"elementor-image-box-description\">Augmentation de votre masse maigre\n<\/p><\/div><\/div>\t\t\t\t<\/div>\n\t\t\t\t<div class=\"elementor-element elementor-element-c2fbea8 elementor-position-left elementor-vertical-align-middle elementor-widget elementor-widget-image-box\" data-id=\"c2fbea8\" data-element_type=\"widget\" data-e-type=\"widget\" data-widget_type=\"image-box.default\">\n\t\t\t\t\t<div class=\"elementor-image-box-wrapper\"><figure class=\"elementor-image-box-img\"><img fetchpriority=\"high\" decoding=\"async\" width=\"706\" height=\"647\" src=\"https:\/\/www.alex.creation-site-divi.fr\/wp-content\/uploads\/2026\/02\/logo-md-x.png\" class=\"attachment-full size-full wp-image-273\" alt=\"\" srcset=\"https:\/\/www.alex.creation-site-divi.fr\/wp-content\/uploads\/2026\/02\/logo-md-x.png 706w, https:\/\/www.alex.creation-site-divi.fr\/wp-content\/uploads\/2026\/02\/logo-md-x-300x275.png 300w\" sizes=\"(max-width: 706px) 100vw, 706px\" \/><\/figure><div class=\"elementor-image-box-content\"><p class=\"elementor-image-box-description\">Augmentation de votre m\u00e9tabolisme de base jusqu'\u00e0 20%<\/p><\/div><\/div>\t\t\t\t<\/div>\n\t\t\t\t\t<\/div>\n\t\t\t\t<\/div>\n\t\t<div class=\"elementor-element elementor-element-73aec62d e-flex e-con-boxed e-con e-parent\" data-id=\"73aec62d\" data-element_type=\"container\" data-e-type=\"container\">\n\t\t\t\t\t<div class=\"e-con-inner\">\n\t\t\t\t<div class=\"elementor-element elementor-element-68a3082f elementor-widget-divider--view-line elementor-widget elementor-widget-divider\" data-id=\"68a3082f\" data-element_type=\"widget\" data-e-type=\"widget\" data-widget_type=\"divider.default\">\n\t\t\t\t\t\t\t<div class=\"elementor-divider\">\n\t\t\t<span class=\"elementor-divider-separator\">\n\t\t\t\t\t\t<\/span>\n\t\t<\/div>\n\t\t\t\t\t\t<\/div>\n\t\t\t\t<div class=\"elementor-element elementor-element-7d316e47 elementor-widget elementor-widget-text-editor\" data-id=\"7d316e47\" data-element_type=\"widget\" data-e-type=\"widget\" data-widget_type=\"text-editor.default\">\n\t\t\t\t\t\t\t\t\t<h3 class=\"text-center\">Pr\u00eat \u00e0 essayer Athletx Boxing \u00e0 Neuilly-sur-Seine ?<\/h3><div class=\"row no-gutters\"><div class=\"col-12 col-sm-6 col-md-3 workout-detail-pros\">\u00a0<\/div><\/div>\t\t\t\t\t\t\t\t<\/div>\n\t\t\t\t<div class=\"elementor-element elementor-element-232067e0 elementor-widget elementor-widget-image\" data-id=\"232067e0\" data-element_type=\"widget\" data-e-type=\"widget\" data-widget_type=\"image.default\">\n\t\t\t\t\t\t\t\t\t\t\t\t\t\t\t<img decoding=\"async\" width=\"24\" height=\"46\" src=\"https:\/\/www.alex.creation-site-divi.fr\/wp-content\/uploads\/2026\/02\/animated-arrow.gif\" class=\"attachment-large size-large wp-image-1045\" alt=\"\" \/>\t\t\t\t\t\t\t\t\t\t\t\t\t\t\t<\/div>\n\t\t\t\t<div class=\"elementor-element elementor-element-739a4712 elementor-align-center elementor-widget elementor-widget-button\" data-id=\"739a4712\" data-element_type=\"widget\" data-e-type=\"widget\" data-widget_type=\"button.default\">\n\t\t\t\t\t\t\t\t\t\t<a class=\"elementor-button elementor-button-link elementor-size-sm\" href=\"#\">\n\t\t\t\t\t\t<span class=\"elementor-button-content-wrapper\">\n\t\t\t\t\t\t\t\t\t<span class=\"elementor-button-text\">R\u00c9SERVEZ VOTRE SAC<\/span>\n\t\t\t\t\t<\/span>\n\t\t\t\t\t<\/a>\n\t\t\t\t\t\t\t\t<\/div>\n\t\t\t\t\t<\/div>\n\t\t\t\t<\/div>\n\t\t\t\t<\/div>\n\t\t","protected":false},"excerpt":{"rendered":"<p>BOOTCAMP L&rsquo;\u00e9vasion commence dans la\u00a0dark room R\u00c9SERVEZ MAINTENANT POURQUOI CHOISIR ATHLETX REBEL ? NOS ACTIVIT\u00c9S SONT INNOVANTES ET VRAIMENT DIFF\u00c9RENTES \ud83d\udd25 MOVE AND BURN Br\u00fblez jusqu&rsquo;\u00e0 1 000 calories gr\u00e2ce \u00e0 Nos activit\u00e9s compos\u00e9es d\u2019intervalles \u00e0 haute intensit\u00e9. Vous allez aimer repousser vos limites. \u26a1\ufe0f TOUJOURS PLUS INSPIRANTS Nos coachs parmi les meilleurs vous guident [&hellip;]<\/p>\n","protected":false},"author":1,"featured_media":0,"parent":0,"menu_order":0,"comment_status":"closed","ping_status":"closed","template":"","meta":{"footnotes":""},"class_list":["post-1074","page","type-page","status-publish","hentry"],"_links":{"self":[{"href":"https:\/\/www.alex.creation-site-divi.fr\/index.php\/wp-json\/wp\/v2\/pages\/1074","targetHints":{"allow":["GET"]}}],"collection":[{"href":"https:\/\/www.alex.creation-site-divi.fr\/index.php\/wp-json\/wp\/v2\/pages"}],"about":[{"href":"https:\/\/www.alex.creation-site-divi.fr\/index.php\/wp-json\/wp\/v2\/types\/page"}],"author":[{"embeddable":true,"href":"https:\/\/www.alex.creation-site-divi.fr\/index.php\/wp-json\/wp\/v2\/users\/1"}],"replies":[{"embeddable":true,"href":"https:\/\/www.alex.creation-site-divi.fr\/index.php\/wp-json\/wp\/v2\/comments?post=1074"}],"version-history":[{"count":11,"href":"https:\/\/www.alex.creation-site-divi.fr\/index.php\/wp-json\/wp\/v2\/pages\/1074\/revisions"}],"predecessor-version":[{"id":1184,"href":"https:\/\/www.alex.creation-site-divi.fr\/index.php\/wp-json\/wp\/v2\/pages\/1074\/revisions\/1184"}],"wp:attachment":[{"href":"https:\/\/www.alex.creation-site-divi.fr\/index.php\/wp-json\/wp\/v2\/media?parent=1074"}],"curies":[{"name":"wp","href":"https:\/\/api.w.org\/{rel}","templated":true}]}}