{"id":1285,"date":"2026-02-19T16:14:23","date_gmt":"2026-02-19T16:14:23","guid":{"rendered":"https:\/\/www.alex.creation-site-divi.fr\/?page_id=1285"},"modified":"2026-02-19T16:27:02","modified_gmt":"2026-02-19T16:27:02","slug":"skill-athletx","status":"publish","type":"page","link":"https:\/\/www.alex.creation-site-divi.fr\/index.php\/skill-athletx\/","title":{"rendered":"SKILL ATHLETX"},"content":{"rendered":"\t\t<div data-elementor-type=\"wp-page\" data-elementor-id=\"1285\" class=\"elementor elementor-1285\" data-elementor-post-type=\"page\">\n\t\t\t\t<div class=\"elementor-element elementor-element-263ab68 e-flex e-con-boxed e-con e-parent\" data-id=\"263ab68\" data-element_type=\"container\" data-e-type=\"container\" data-settings=\"{&quot;background_background&quot;:&quot;classic&quot;}\">\n\t\t\t\t\t<div class=\"e-con-inner\">\n\t\t\t\t<div class=\"elementor-element elementor-element-97ba3e5 elementor-widget elementor-widget-text-editor\" data-id=\"97ba3e5\" data-element_type=\"widget\" data-e-type=\"widget\" data-widget_type=\"text-editor.default\">\n\t\t\t\t\t\t\t\t\t<h2><span style=\"color: #ffffff;\">SKILL ATHLETX<\/span><\/h2>\n<h1 class=\"mb-0\"><span style=\"color: #ffffff;\">LE CROSS FIT<\/span><br \/><span class=\"outline-text\" style=\"color: #ffffff;\">\u00c0 LA SAUCE REBEL<\/span><\/h1>\t\t\t\t\t\t\t\t<\/div>\n\t\t\t\t<div class=\"elementor-element elementor-element-ebf194e elementor-align-center elementor-widget elementor-widget-button\" data-id=\"ebf194e\" data-element_type=\"widget\" data-e-type=\"widget\" data-widget_type=\"button.default\">\n\t\t\t\t\t\t\t\t\t\t<a class=\"elementor-button elementor-button-link elementor-size-sm\" href=\"#\">\n\t\t\t\t\t\t<span class=\"elementor-button-content-wrapper\">\n\t\t\t\t\t\t\t\t\t<span class=\"elementor-button-text\">R\u00c9SERVEZ VOTRE WOD<\/span>\n\t\t\t\t\t<\/span>\n\t\t\t\t\t<\/a>\n\t\t\t\t\t\t\t\t<\/div>\n\t\t\t\t\t<\/div>\n\t\t\t\t<\/div>\n\t\t<div class=\"elementor-element elementor-element-548ccf9 e-con-full e-flex e-con e-parent\" data-id=\"548ccf9\" data-element_type=\"container\" data-e-type=\"container\" data-settings=\"{&quot;background_background&quot;:&quot;classic&quot;}\">\n\t\t\t\t<div class=\"elementor-element elementor-element-9019ef5 elementor-widget-divider--view-line elementor-widget elementor-widget-divider\" data-id=\"9019ef5\" data-element_type=\"widget\" data-e-type=\"widget\" data-widget_type=\"divider.default\">\n\t\t\t\t\t\t\t<div class=\"elementor-divider\">\n\t\t\t<span class=\"elementor-divider-separator\">\n\t\t\t\t\t\t<\/span>\n\t\t<\/div>\n\t\t\t\t\t\t<\/div>\n\t\t\t\t<div class=\"elementor-element elementor-element-06c943a elementor-widget elementor-widget-text-editor\" data-id=\"06c943a\" data-element_type=\"widget\" data-e-type=\"widget\" data-widget_type=\"text-editor.default\">\n\t\t\t\t\t\t\t\t\t<h2 class=\"contact-form-h2 text-left\">SKILL ATHLETX<\/h2>\n<p class=\"contact-form-p text-left\">D\u00e9couvrez l\u2019exigence et la r\u00e9f\u00e9rence de l\u2019entra\u00eenement fonctionnel. Notre studio comporte plusieurs zones d\u2019entra\u00eenement et les meilleurs \u00e9quipements pour un travail complet sur votre mobilit\u00e9, votre explosivit\u00e9, votre force et votre endurance. Vous allez d\u00e9velopper des qualit\u00e9s physiques et athl\u00e9tiques exceptionnelles !<\/p>\t\t\t\t\t\t\t\t<\/div>\n\t\t\t\t<\/div>\n\t\t<div class=\"elementor-element elementor-element-7ae2ad0 e-con-full e-flex e-con e-parent\" data-id=\"7ae2ad0\" data-element_type=\"container\" data-e-type=\"container\" data-settings=\"{&quot;background_background&quot;:&quot;classic&quot;}\">\n\t\t<div class=\"elementor-element elementor-element-be5daf0 e-grid e-con-full e-con e-child\" data-id=\"be5daf0\" data-element_type=\"container\" data-e-type=\"container\">\n\t\t\t\t<div class=\"elementor-element elementor-element-44bf3a0 elementor-widget elementor-widget-text-editor\" data-id=\"44bf3a0\" data-element_type=\"widget\" data-e-type=\"widget\" data-widget_type=\"text-editor.default\">\n\t\t\t\t\t\t\t\t\t<div class=\"col-12 col-sm-4 p-2\">\n<div class=\"reformer-stat\">\n<h3><span style=\"color: #ffffff;\"><small>SUER PENDANT<\/small><\/span><\/h3>\n<h2 class=\"text-white duration\"><span style=\"color: #ffffff;\">45\/60<small class=\"mins\">MINS<\/small><\/span><\/h2>\n<p class=\"text-white\">45 \u00e0 60 minutes pour repousser vos limites et transpirer comme jamais.<\/p>\n<\/div>\n<\/div>\t\t\t\t\t\t\t\t<\/div>\n\t\t\t\t<div class=\"elementor-element elementor-element-699dd74 elementor-widget elementor-widget-text-editor\" data-id=\"699dd74\" data-element_type=\"widget\" data-e-type=\"widget\" data-widget_type=\"text-editor.default\">\n\t\t\t\t\t\t\t\t\t<div class=\"col-12 col-sm-4 p-2\">\n<div class=\"reformer-stat\">\n<h3><span style=\"color: #ffffff;\"><small>Br\u00fbler jusqu&rsquo;\u00e0<\/small><\/span><\/h3>\n<h2 class=\"text-white duration\"><span style=\"color: #ffffff;\">1000 <small class=\"mins\">calories<\/small><\/span><\/h2>\n<p class=\"text-white\">Vous allez sauter, pousser, tirer, encha\u00eener les burpees pour mettre le \ud83d\udd25 \u00e0 votre m\u00e9tabolisme.<\/p>\n<\/div>\n<\/div>\t\t\t\t\t\t\t\t<\/div>\n\t\t\t\t<div class=\"elementor-element elementor-element-93fc7a9 elementor-widget elementor-widget-text-editor\" data-id=\"93fc7a9\" data-element_type=\"widget\" data-e-type=\"widget\" data-widget_type=\"text-editor.default\">\n\t\t\t\t\t\t\t\t\t<div class=\"col-12 col-sm-4 p-2\">\n<div class=\"reformer-stat\">\n<h3><span style=\"color: #ffffff;\"><small>Objectif<\/small><\/span><\/h3>\n<h2 class=\"text-white duration\"><span style=\"color: #ffffff;\">5 <small class=\"mins\">buts<\/small><\/span><\/h2>\n<p class=\"text-white\">Mobilit\u00e9, r\u00e9sistance, endurance et puissance cardiovasculaire, endurance musculaire, force.<\/p>\n<\/div>\n<\/div>\t\t\t\t\t\t\t\t<\/div>\n\t\t\t\t<\/div>\n\t\t\t\t<\/div>\n\t\t<div class=\"elementor-element elementor-element-0d185e1 e-con-full e-flex e-con e-parent\" data-id=\"0d185e1\" data-element_type=\"container\" data-e-type=\"container\">\n\t\t\t\t<div class=\"elementor-element elementor-element-2a70d70 elementor-widget-divider--view-line elementor-widget elementor-widget-divider\" data-id=\"2a70d70\" data-element_type=\"widget\" data-e-type=\"widget\" data-widget_type=\"divider.default\">\n\t\t\t\t\t\t\t<div class=\"elementor-divider\">\n\t\t\t<span class=\"elementor-divider-separator\">\n\t\t\t\t\t\t<\/span>\n\t\t<\/div>\n\t\t\t\t\t\t<\/div>\n\t\t\t\t<div class=\"elementor-element elementor-element-3302804 elementor-widget elementor-widget-text-editor\" data-id=\"3302804\" data-element_type=\"widget\" data-e-type=\"widget\" data-widget_type=\"text-editor.default\">\n\t\t\t\t\t\t\t\t\t<h4><span style=\"color: #000000;\">Le CrossFit de Skill Athletx vous aidera \u00e0 d\u00e9velopper les 10 capacit\u00e9s physiques suivantes:<\/span><\/h4>\t\t\t\t\t\t\t\t<\/div>\n\t\t\t\t<div class=\"elementor-element elementor-element-45e0be7 elementor-position-left elementor-vertical-align-middle elementor-widget elementor-widget-image-box\" data-id=\"45e0be7\" data-element_type=\"widget\" data-e-type=\"widget\" data-widget_type=\"image-box.default\">\n\t\t\t\t\t<div class=\"elementor-image-box-wrapper\"><figure class=\"elementor-image-box-img\"><img fetchpriority=\"high\" decoding=\"async\" width=\"706\" height=\"647\" src=\"https:\/\/www.alex.creation-site-divi.fr\/wp-content\/uploads\/2026\/02\/logo-md-x.png\" class=\"attachment-full size-full wp-image-273\" alt=\"\" srcset=\"https:\/\/www.alex.creation-site-divi.fr\/wp-content\/uploads\/2026\/02\/logo-md-x.png 706w, https:\/\/www.alex.creation-site-divi.fr\/wp-content\/uploads\/2026\/02\/logo-md-x-300x275.png 300w\" sizes=\"(max-width: 706px) 100vw, 706px\" \/><\/figure><div class=\"elementor-image-box-content\"><p class=\"elementor-image-box-description\">Endurance Cardiovasculaire\/respiratoire \u2013 La capacit\u00e9 du corps \u00e0 r\u00e9cup\u00e9rer, traiter et d\u00e9livrer l'oxyg\u00e8ne.<\/p><\/div><\/div>\t\t\t\t<\/div>\n\t\t\t\t<div class=\"elementor-element elementor-element-889c83c elementor-position-left elementor-vertical-align-middle elementor-widget elementor-widget-image-box\" data-id=\"889c83c\" data-element_type=\"widget\" data-e-type=\"widget\" data-widget_type=\"image-box.default\">\n\t\t\t\t\t<div class=\"elementor-image-box-wrapper\"><figure class=\"elementor-image-box-img\"><img fetchpriority=\"high\" decoding=\"async\" width=\"706\" height=\"647\" src=\"https:\/\/www.alex.creation-site-divi.fr\/wp-content\/uploads\/2026\/02\/logo-md-x.png\" class=\"attachment-full size-full wp-image-273\" alt=\"\" srcset=\"https:\/\/www.alex.creation-site-divi.fr\/wp-content\/uploads\/2026\/02\/logo-md-x.png 706w, https:\/\/www.alex.creation-site-divi.fr\/wp-content\/uploads\/2026\/02\/logo-md-x-300x275.png 300w\" sizes=\"(max-width: 706px) 100vw, 706px\" \/><\/figure><div class=\"elementor-image-box-content\"><p class=\"elementor-image-box-description\">Endurance Musculaire \u2013 La capacit\u00e9 du corps \u00e0 traiter, d\u00e9livrer, stocker et utiliser l'\u00e9nergie.\n\n<\/p><\/div><\/div>\t\t\t\t<\/div>\n\t\t\t\t<div class=\"elementor-element elementor-element-1aaa11b elementor-position-left elementor-vertical-align-middle elementor-widget elementor-widget-image-box\" data-id=\"1aaa11b\" data-element_type=\"widget\" data-e-type=\"widget\" data-widget_type=\"image-box.default\">\n\t\t\t\t\t<div class=\"elementor-image-box-wrapper\"><figure class=\"elementor-image-box-img\"><img fetchpriority=\"high\" decoding=\"async\" width=\"706\" height=\"647\" src=\"https:\/\/www.alex.creation-site-divi.fr\/wp-content\/uploads\/2026\/02\/logo-md-x.png\" class=\"attachment-full size-full wp-image-273\" alt=\"\" srcset=\"https:\/\/www.alex.creation-site-divi.fr\/wp-content\/uploads\/2026\/02\/logo-md-x.png 706w, https:\/\/www.alex.creation-site-divi.fr\/wp-content\/uploads\/2026\/02\/logo-md-x-300x275.png 300w\" sizes=\"(max-width: 706px) 100vw, 706px\" \/><\/figure><div class=\"elementor-image-box-content\"><p class=\"elementor-image-box-description\">Force \u2013 La capacit\u00e9 d'une unit\u00e9 musculaire, ou d'une combinaison d'unit\u00e9 musculaire \u00e0 appliquer une force.\n\n\n<\/p><\/div><\/div>\t\t\t\t<\/div>\n\t\t\t\t<div class=\"elementor-element elementor-element-0087aeb elementor-position-left elementor-vertical-align-middle elementor-widget elementor-widget-image-box\" data-id=\"0087aeb\" data-element_type=\"widget\" data-e-type=\"widget\" data-widget_type=\"image-box.default\">\n\t\t\t\t\t<div class=\"elementor-image-box-wrapper\"><figure class=\"elementor-image-box-img\"><img fetchpriority=\"high\" decoding=\"async\" width=\"706\" height=\"647\" src=\"https:\/\/www.alex.creation-site-divi.fr\/wp-content\/uploads\/2026\/02\/logo-md-x.png\" class=\"attachment-full size-full wp-image-273\" alt=\"\" srcset=\"https:\/\/www.alex.creation-site-divi.fr\/wp-content\/uploads\/2026\/02\/logo-md-x.png 706w, https:\/\/www.alex.creation-site-divi.fr\/wp-content\/uploads\/2026\/02\/logo-md-x-300x275.png 300w\" sizes=\"(max-width: 706px) 100vw, 706px\" \/><\/figure><div class=\"elementor-image-box-content\"><p class=\"elementor-image-box-description\">Souplesse \u2013 La capacit\u00e9 de maximiser l'amplitude de mouvement autour d'une articulation donn\u00e9e.\n\n\n\n<\/p><\/div><\/div>\t\t\t\t<\/div>\n\t\t\t\t<div class=\"elementor-element elementor-element-306bac4 elementor-position-left elementor-vertical-align-middle elementor-widget elementor-widget-image-box\" data-id=\"306bac4\" data-element_type=\"widget\" data-e-type=\"widget\" data-widget_type=\"image-box.default\">\n\t\t\t\t\t<div class=\"elementor-image-box-wrapper\"><figure class=\"elementor-image-box-img\"><img fetchpriority=\"high\" decoding=\"async\" width=\"706\" height=\"647\" src=\"https:\/\/www.alex.creation-site-divi.fr\/wp-content\/uploads\/2026\/02\/logo-md-x.png\" class=\"attachment-full size-full wp-image-273\" alt=\"\" srcset=\"https:\/\/www.alex.creation-site-divi.fr\/wp-content\/uploads\/2026\/02\/logo-md-x.png 706w, https:\/\/www.alex.creation-site-divi.fr\/wp-content\/uploads\/2026\/02\/logo-md-x-300x275.png 300w\" sizes=\"(max-width: 706px) 100vw, 706px\" \/><\/figure><div class=\"elementor-image-box-content\"><p class=\"elementor-image-box-description\">Puissance \u2013 La capacit\u00e9 d'une unit\u00e9 musculaire, ou d'une combinaison d'unit\u00e9 musculaire \u00e0 appliquer une force maximale le plus rapidement possible.\n\n\n<\/p><\/div><\/div>\t\t\t\t<\/div>\n\t\t\t\t<div class=\"elementor-element elementor-element-5012c10 elementor-position-left elementor-vertical-align-middle elementor-widget elementor-widget-image-box\" data-id=\"5012c10\" data-element_type=\"widget\" data-e-type=\"widget\" data-widget_type=\"image-box.default\">\n\t\t\t\t\t<div class=\"elementor-image-box-wrapper\"><figure class=\"elementor-image-box-img\"><img fetchpriority=\"high\" decoding=\"async\" width=\"706\" height=\"647\" src=\"https:\/\/www.alex.creation-site-divi.fr\/wp-content\/uploads\/2026\/02\/logo-md-x.png\" class=\"attachment-full size-full wp-image-273\" alt=\"\" srcset=\"https:\/\/www.alex.creation-site-divi.fr\/wp-content\/uploads\/2026\/02\/logo-md-x.png 706w, https:\/\/www.alex.creation-site-divi.fr\/wp-content\/uploads\/2026\/02\/logo-md-x-300x275.png 300w\" sizes=\"(max-width: 706px) 100vw, 706px\" \/><\/figure><div class=\"elementor-image-box-content\"><p class=\"elementor-image-box-description\">Vitesse \u2013 La capacit\u00e9 \u00e0 minimiser le temps de cycle d'un mouvement r\u00e9p\u00e9t\u00e9.\n\n<\/p><\/div><\/div>\t\t\t\t<\/div>\n\t\t\t\t<div class=\"elementor-element elementor-element-ca9abb7 elementor-position-left elementor-vertical-align-middle elementor-widget elementor-widget-image-box\" data-id=\"ca9abb7\" data-element_type=\"widget\" data-e-type=\"widget\" data-widget_type=\"image-box.default\">\n\t\t\t\t\t<div class=\"elementor-image-box-wrapper\"><figure class=\"elementor-image-box-img\"><img fetchpriority=\"high\" decoding=\"async\" width=\"706\" height=\"647\" src=\"https:\/\/www.alex.creation-site-divi.fr\/wp-content\/uploads\/2026\/02\/logo-md-x.png\" class=\"attachment-full size-full wp-image-273\" alt=\"\" srcset=\"https:\/\/www.alex.creation-site-divi.fr\/wp-content\/uploads\/2026\/02\/logo-md-x.png 706w, https:\/\/www.alex.creation-site-divi.fr\/wp-content\/uploads\/2026\/02\/logo-md-x-300x275.png 300w\" sizes=\"(max-width: 706px) 100vw, 706px\" \/><\/figure><div class=\"elementor-image-box-content\"><p class=\"elementor-image-box-description\">Coordination \u2013 La capacit\u00e9 de combiner plusieurs mouvements distincts en un mouvement singulier distinct.\n\n\n<\/p><\/div><\/div>\t\t\t\t<\/div>\n\t\t\t\t<div class=\"elementor-element elementor-element-5a75752 elementor-position-left elementor-vertical-align-middle elementor-widget elementor-widget-image-box\" data-id=\"5a75752\" data-element_type=\"widget\" data-e-type=\"widget\" data-widget_type=\"image-box.default\">\n\t\t\t\t\t<div class=\"elementor-image-box-wrapper\"><figure class=\"elementor-image-box-img\"><img fetchpriority=\"high\" decoding=\"async\" width=\"706\" height=\"647\" src=\"https:\/\/www.alex.creation-site-divi.fr\/wp-content\/uploads\/2026\/02\/logo-md-x.png\" class=\"attachment-full size-full wp-image-273\" alt=\"\" srcset=\"https:\/\/www.alex.creation-site-divi.fr\/wp-content\/uploads\/2026\/02\/logo-md-x.png 706w, https:\/\/www.alex.creation-site-divi.fr\/wp-content\/uploads\/2026\/02\/logo-md-x-300x275.png 300w\" sizes=\"(max-width: 706px) 100vw, 706px\" \/><\/figure><div class=\"elementor-image-box-content\"><p class=\"elementor-image-box-description\">Agilit\u00e9 \u2013 La capacit\u00e9 de minimiser le temps de transition entre un sch\u00e9ma de mouvement et un autre.\n\n\n\n<\/p><\/div><\/div>\t\t\t\t<\/div>\n\t\t\t\t<div class=\"elementor-element elementor-element-f144e08 elementor-position-left elementor-vertical-align-middle elementor-widget elementor-widget-image-box\" data-id=\"f144e08\" data-element_type=\"widget\" data-e-type=\"widget\" data-widget_type=\"image-box.default\">\n\t\t\t\t\t<div class=\"elementor-image-box-wrapper\"><figure class=\"elementor-image-box-img\"><img fetchpriority=\"high\" decoding=\"async\" width=\"706\" height=\"647\" src=\"https:\/\/www.alex.creation-site-divi.fr\/wp-content\/uploads\/2026\/02\/logo-md-x.png\" class=\"attachment-full size-full wp-image-273\" alt=\"\" srcset=\"https:\/\/www.alex.creation-site-divi.fr\/wp-content\/uploads\/2026\/02\/logo-md-x.png 706w, https:\/\/www.alex.creation-site-divi.fr\/wp-content\/uploads\/2026\/02\/logo-md-x-300x275.png 300w\" sizes=\"(max-width: 706px) 100vw, 706px\" \/><\/figure><div class=\"elementor-image-box-content\"><p class=\"elementor-image-box-description\">\u00c9quilibre \u2013 La capacit\u00e9 \u00e0 contr\u00f4ler le placement du centre de gravit\u00e9 du corps en fonction des points de support du corps au sol ou sur une surface.\n\n\n\n\n<\/p><\/div><\/div>\t\t\t\t<\/div>\n\t\t\t\t<div class=\"elementor-element elementor-element-e55742d elementor-position-left elementor-vertical-align-middle elementor-widget elementor-widget-image-box\" data-id=\"e55742d\" data-element_type=\"widget\" data-e-type=\"widget\" data-widget_type=\"image-box.default\">\n\t\t\t\t\t<div class=\"elementor-image-box-wrapper\"><figure class=\"elementor-image-box-img\"><img fetchpriority=\"high\" decoding=\"async\" width=\"706\" height=\"647\" src=\"https:\/\/www.alex.creation-site-divi.fr\/wp-content\/uploads\/2026\/02\/logo-md-x.png\" class=\"attachment-full size-full wp-image-273\" alt=\"\" srcset=\"https:\/\/www.alex.creation-site-divi.fr\/wp-content\/uploads\/2026\/02\/logo-md-x.png 706w, https:\/\/www.alex.creation-site-divi.fr\/wp-content\/uploads\/2026\/02\/logo-md-x-300x275.png 300w\" sizes=\"(max-width: 706px) 100vw, 706px\" \/><\/figure><div class=\"elementor-image-box-content\"><p class=\"elementor-image-box-description\">Pr\u00e9cision \u2013 La capacit\u00e9 \u00e0 contr\u00f4ler un mouvement dans une direction donn\u00e9e avec une intensit\u00e9 donn\u00e9e.\n\n\n\n\n\n<\/p><\/div><\/div>\t\t\t\t<\/div>\n\t\t\t\t<\/div>\n\t\t<div class=\"elementor-element elementor-element-ae1a8c0 e-flex e-con-boxed e-con e-parent\" data-id=\"ae1a8c0\" data-element_type=\"container\" data-e-type=\"container\">\n\t\t\t\t\t<div class=\"e-con-inner\">\n\t\t\t\t<div class=\"elementor-element elementor-element-73b725a elementor-widget-divider--view-line elementor-widget elementor-widget-divider\" data-id=\"73b725a\" data-element_type=\"widget\" data-e-type=\"widget\" data-widget_type=\"divider.default\">\n\t\t\t\t\t\t\t<div class=\"elementor-divider\">\n\t\t\t<span class=\"elementor-divider-separator\">\n\t\t\t\t\t\t<\/span>\n\t\t<\/div>\n\t\t\t\t\t\t<\/div>\n\t\t\t\t<div class=\"elementor-element elementor-element-0f7408d elementor-widget elementor-widget-text-editor\" data-id=\"0f7408d\" data-element_type=\"widget\" data-e-type=\"widget\" data-widget_type=\"text-editor.default\">\n\t\t\t\t\t\t\t\t\t<h3 class=\"text-center\">D\u00c9BUTANT OU CONFIRM\u00c9 VENEZ TRANSPIRER AVEC NOUS, REJOIGNEZ LA #REBELTRIB<\/h3>\t\t\t\t\t\t\t\t<\/div>\n\t\t\t\t<div class=\"elementor-element elementor-element-b369972 elementor-widget elementor-widget-image\" data-id=\"b369972\" data-element_type=\"widget\" data-e-type=\"widget\" data-widget_type=\"image.default\">\n\t\t\t\t\t\t\t\t\t\t\t\t\t\t\t<img decoding=\"async\" width=\"24\" height=\"46\" src=\"https:\/\/www.alex.creation-site-divi.fr\/wp-content\/uploads\/2026\/02\/animated-arrow.gif\" class=\"attachment-large size-large wp-image-1045\" alt=\"\" \/>\t\t\t\t\t\t\t\t\t\t\t\t\t\t\t<\/div>\n\t\t\t\t<div class=\"elementor-element elementor-element-e9af47f elementor-align-center elementor-widget elementor-widget-button\" data-id=\"e9af47f\" data-element_type=\"widget\" data-e-type=\"widget\" data-widget_type=\"button.default\">\n\t\t\t\t\t\t\t\t\t\t<a class=\"elementor-button elementor-button-link elementor-size-sm\" href=\"#\">\n\t\t\t\t\t\t<span class=\"elementor-button-content-wrapper\">\n\t\t\t\t\t\t\t\t\t<span class=\"elementor-button-text\">R\u00c9SERVEZ VOTRE WOD<\/span>\n\t\t\t\t\t<\/span>\n\t\t\t\t\t<\/a>\n\t\t\t\t\t\t\t\t<\/div>\n\t\t\t\t\t<\/div>\n\t\t\t\t<\/div>\n\t\t\t\t<\/div>\n\t\t","protected":false},"excerpt":{"rendered":"<p>SKILL ATHLETX LE CROSS FIT\u00c0 LA SAUCE REBEL R\u00c9SERVEZ VOTRE WOD SKILL ATHLETX D\u00e9couvrez l\u2019exigence et la r\u00e9f\u00e9rence de l\u2019entra\u00eenement fonctionnel. Notre studio comporte plusieurs zones d\u2019entra\u00eenement et les meilleurs \u00e9quipements pour un travail complet sur votre mobilit\u00e9, votre explosivit\u00e9, votre force et votre endurance. Vous allez d\u00e9velopper des qualit\u00e9s physiques et athl\u00e9tiques exceptionnelles ! [&hellip;]<\/p>\n","protected":false},"author":1,"featured_media":0,"parent":0,"menu_order":0,"comment_status":"closed","ping_status":"closed","template":"","meta":{"footnotes":""},"class_list":["post-1285","page","type-page","status-publish","hentry"],"_links":{"self":[{"href":"https:\/\/www.alex.creation-site-divi.fr\/index.php\/wp-json\/wp\/v2\/pages\/1285","targetHints":{"allow":["GET"]}}],"collection":[{"href":"https:\/\/www.alex.creation-site-divi.fr\/index.php\/wp-json\/wp\/v2\/pages"}],"about":[{"href":"https:\/\/www.alex.creation-site-divi.fr\/index.php\/wp-json\/wp\/v2\/types\/page"}],"author":[{"embeddable":true,"href":"https:\/\/www.alex.creation-site-divi.fr\/index.php\/wp-json\/wp\/v2\/users\/1"}],"replies":[{"embeddable":true,"href":"https:\/\/www.alex.creation-site-divi.fr\/index.php\/wp-json\/wp\/v2\/comments?post=1285"}],"version-history":[{"count":25,"href":"https:\/\/www.alex.creation-site-divi.fr\/index.php\/wp-json\/wp\/v2\/pages\/1285\/revisions"}],"predecessor-version":[{"id":1313,"href":"https:\/\/www.alex.creation-site-divi.fr\/index.php\/wp-json\/wp\/v2\/pages\/1285\/revisions\/1313"}],"wp:attachment":[{"href":"https:\/\/www.alex.creation-site-divi.fr\/index.php\/wp-json\/wp\/v2\/media?parent=1285"}],"curies":[{"name":"wp","href":"https:\/\/api.w.org\/{rel}","templated":true}]}}