{"id":1413,"date":"2026-02-19T18:46:09","date_gmt":"2026-02-19T18:46:09","guid":{"rendered":"https:\/\/www.alex.creation-site-divi.fr\/?page_id=1413"},"modified":"2026-02-19T19:06:19","modified_gmt":"2026-02-19T19:06:19","slug":"personal-training","status":"publish","type":"page","link":"https:\/\/www.alex.creation-site-divi.fr\/index.php\/personal-training\/","title":{"rendered":"PERSONAL TRAINING"},"content":{"rendered":"\t\t<div data-elementor-type=\"wp-page\" data-elementor-id=\"1413\" class=\"elementor elementor-1413\" data-elementor-post-type=\"page\">\n\t\t\t\t<div class=\"elementor-element elementor-element-278bde9 e-flex e-con-boxed e-con e-parent\" data-id=\"278bde9\" data-element_type=\"container\" data-e-type=\"container\" data-settings=\"{&quot;background_background&quot;:&quot;video&quot;,&quot;background_video_link&quot;:&quot;http:\\\/\\\/www.alex.creation-site-divi.fr\\\/wp-content\\\/uploads\\\/2026\\\/02\\\/personal-training-bg-mobile.mp4&quot;}\">\n\t\t\t\t\t<div class=\"e-con-inner\">\n\t\t<div class=\"elementor-background-video-container elementor-hidden-mobile\">\n\t\t\t\t\t\t\t<video class=\"elementor-background-video-hosted\" role=\"presentation\" autoplay muted playsinline loop><\/video>\n\t\t\t\t\t<\/div>\t\t<div class=\"elementor-element elementor-element-3440f48 elementor-widget elementor-widget-text-editor\" data-id=\"3440f48\" data-element_type=\"widget\" data-e-type=\"widget\" data-widget_type=\"text-editor.default\">\n\t\t\t\t\t\t\t\t\t<h1><span style=\"color: #ffffff;\">PERSONAL TRAINING<\/span><\/h1><h1 class=\"mb-0\"><span style=\"color: #ffffff;\">UN COACHING SUR MESURE<\/span><br \/><span class=\"outline-text\" style=\"color: #ffffff;\">JUSTE POUR VOUS<\/span><\/h1>\t\t\t\t\t\t\t\t<\/div>\n\t\t\t\t<div class=\"elementor-element elementor-element-a2d269b elementor-align-center elementor-widget elementor-widget-button\" data-id=\"a2d269b\" data-element_type=\"widget\" data-e-type=\"widget\" data-widget_type=\"button.default\">\n\t\t\t\t\t\t\t\t\t\t<a class=\"elementor-button elementor-button-link elementor-size-sm\" href=\"#\">\n\t\t\t\t\t\t<span class=\"elementor-button-content-wrapper\">\n\t\t\t\t\t\t\t\t\t<span class=\"elementor-button-text\">VOIR LES COACHS<\/span>\n\t\t\t\t\t<\/span>\n\t\t\t\t\t<\/a>\n\t\t\t\t\t\t\t\t<\/div>\n\t\t\t\t\t<\/div>\n\t\t\t\t<\/div>\n\t\t<div class=\"elementor-element elementor-element-a481c40 e-flex e-con-boxed e-con e-parent\" data-id=\"a481c40\" data-element_type=\"container\" data-e-type=\"container\">\n\t\t\t\t\t<div class=\"e-con-inner\">\n\t\t<div class=\"elementor-element elementor-element-b44199f e-con-full e-flex e-con e-child\" data-id=\"b44199f\" data-element_type=\"container\" data-e-type=\"container\">\n\t\t\t\t<div class=\"elementor-element elementor-element-3020e03 elementor-widget__width-inherit elementor-widget-mobile__width-inherit elementor-widget elementor-widget-text-editor\" data-id=\"3020e03\" data-element_type=\"widget\" data-e-type=\"widget\" data-widget_type=\"text-editor.default\">\n\t\t\t\t\t\t\t\t\t<h2 class=\"contact-form-h2 text-left special-sup\"><span style=\"color: #e1e1e1;\">PERSONAL TRAINING<\/span><\/h2>\t\t\t\t\t\t\t\t<\/div>\n\t\t\t\t<div class=\"elementor-element elementor-element-4484a4b elementor-widget elementor-widget-text-editor\" data-id=\"4484a4b\" data-element_type=\"widget\" data-e-type=\"widget\" data-widget_type=\"text-editor.default\">\n\t\t\t\t\t\t\t\t\t<div class=\"container-fluid header-container px-sm-5 px-3\"><div class=\"row no-gutters row-gap-2\"><div class=\"col-12\"><div class=\"offer-title-container\"><h3 class=\"contact-form-h2 text-left special-sup\">Des r\u00e9sultats garantis ax\u00e9s sur vos objectifs<\/h3><\/div><p class=\"contact-form-p text-left\">Vous souhaitez vous engager dans une logique de pr\u00e9vention et de sant\u00e9, regagner confiance en vous, mieux vieillir, perdre du poids, am\u00e9liorer votre potentiel athl\u00e9tique, prendre de la masse musculaire\u2026 Vos motivations sont personnelles et l\u00e9gitimes.<\/p><p class=\"contact-form-p text-left\">Aujourd\u2019hui, la vari\u00e9t\u00e9 des pratiques sportives et des techniques de remise en forme offre un large spectre de possibilit\u00e9s dans l\u2019accompagnement et la r\u00e9alisation du changement auquel vous aspirez. Accompagnez par les meilleurs coachs chacun dans leurs sp\u00e9cialit\u00e9s, vous atteindrez vos objectifs en totale s\u00e9curit\u00e9.<\/p><p class=\"contact-form-p text-left\">Au cours de votre s\u00e9ance, nos entra\u00eeneurs prendront le temps de vous conna\u00eetre et de comprendre vos objectifs, ils vont \u00e9laborer un plan d&rsquo;entra\u00eenement sp\u00e9cifique \u00e0 vos besoins et se concentreront sur vos objectifs individuels, vos capacit\u00e9s et votre niveau de forme physique pour vous aider \u00e0 optimiser votre temps et maximiser vos r\u00e9sultats.<\/p><\/div><\/div><\/div>\t\t\t\t\t\t\t\t<\/div>\n\t\t\t\t<\/div>\n\t\t\t\t\t<\/div>\n\t\t\t\t<\/div>\n\t\t<div class=\"elementor-element elementor-element-288e49a e-con-full e-flex e-con e-parent\" data-id=\"288e49a\" data-element_type=\"container\" data-e-type=\"container\">\n\t\t<div class=\"elementor-element elementor-element-88c7b17 e-con-full e-flex e-con e-child\" data-id=\"88c7b17\" data-element_type=\"container\" data-e-type=\"container\">\n\t\t\t\t<div class=\"elementor-element elementor-element-f5c076a elementor-widget-divider--view-line elementor-widget elementor-widget-divider\" data-id=\"f5c076a\" data-element_type=\"widget\" data-e-type=\"widget\" data-widget_type=\"divider.default\">\n\t\t\t\t\t\t\t<div class=\"elementor-divider\">\n\t\t\t<span class=\"elementor-divider-separator\">\n\t\t\t\t\t\t<\/span>\n\t\t<\/div>\n\t\t\t\t\t\t<\/div>\n\t\t\t\t<div class=\"elementor-element elementor-element-07676cc elementor-widget elementor-widget-text-editor\" data-id=\"07676cc\" data-element_type=\"widget\" data-e-type=\"widget\" data-widget_type=\"text-editor.default\">\n\t\t\t\t\t\t\t\t\t<h2>PAS D\u2019ENTRA\u00ceNEMENT ST\u00c9R\u00c9OTYP\u00c9<\/h2><p>Apr\u00e8s une \u00e9valuation approfondie de vos capacit\u00e9s physiques et physiologiques, votre coach vous proposera un programme sur-mesure et adapt\u00e9 alliant des exercices choisis en fonction de votre niveau et de vos objectifs. Ce programme s\u2019ajustera en fonction de votre \u00e9volution, gr\u00e2ce \u00e0 un \u00e9change permanent avec votre coach. C\u2019est un travail d\u2019\u00e9quipe pr\u00e9cis ou l&rsquo;\u00e0-peu-pr\u00e8s n\u2019existe pas.<\/p>\t\t\t\t\t\t\t\t<\/div>\n\t\t\t\t<\/div>\n\t\t<div class=\"elementor-element elementor-element-66da4aa e-con-full e-flex e-con e-child\" data-id=\"66da4aa\" data-element_type=\"container\" data-e-type=\"container\" data-settings=\"{&quot;background_background&quot;:&quot;classic&quot;}\">\n\t\t\t\t<\/div>\n\t\t\t\t<\/div>\n\t\t<div class=\"elementor-element elementor-element-edc5f81 e-con-full e-flex e-con e-parent\" data-id=\"edc5f81\" data-element_type=\"container\" data-e-type=\"container\">\n\t\t<div class=\"elementor-element elementor-element-0c71530 e-con-full e-flex e-con e-child\" data-id=\"0c71530\" data-element_type=\"container\" data-e-type=\"container\" data-settings=\"{&quot;background_background&quot;:&quot;classic&quot;}\">\n\t\t\t\t<\/div>\n\t\t<div class=\"elementor-element elementor-element-9d00993 e-con-full e-flex e-con e-child\" data-id=\"9d00993\" data-element_type=\"container\" data-e-type=\"container\">\n\t\t\t\t<div class=\"elementor-element elementor-element-ab6949a elementor-widget-divider--view-line elementor-widget elementor-widget-divider\" data-id=\"ab6949a\" data-element_type=\"widget\" data-e-type=\"widget\" data-widget_type=\"divider.default\">\n\t\t\t\t\t\t\t<div class=\"elementor-divider\">\n\t\t\t<span class=\"elementor-divider-separator\">\n\t\t\t\t\t\t<\/span>\n\t\t<\/div>\n\t\t\t\t\t\t<\/div>\n\t\t\t\t<div class=\"elementor-element elementor-element-4657192 elementor-widget elementor-widget-text-editor\" data-id=\"4657192\" data-element_type=\"widget\" data-e-type=\"widget\" data-widget_type=\"text-editor.default\">\n\t\t\t\t\t\t\t\t\t<h3 class=\"mb-0\">BILANS R\u00c9GULIERS<\/h3><h3>AVEC ANALYSE DE VOTRE COMPOSITION CORPORELLE<\/h3>\t\t\t\t\t\t\t\t<\/div>\n\t\t\t\t<div class=\"elementor-element elementor-element-8b08c89 elementor-position-left elementor-vertical-align-middle elementor-widget elementor-widget-image-box\" data-id=\"8b08c89\" data-element_type=\"widget\" data-e-type=\"widget\" data-widget_type=\"image-box.default\">\n\t\t\t\t\t<div class=\"elementor-image-box-wrapper\"><figure class=\"elementor-image-box-img\"><img fetchpriority=\"high\" decoding=\"async\" width=\"706\" height=\"647\" src=\"https:\/\/www.alex.creation-site-divi.fr\/wp-content\/uploads\/2026\/02\/logo-md-x.png\" class=\"attachment-full size-full wp-image-273\" alt=\"\" srcset=\"https:\/\/www.alex.creation-site-divi.fr\/wp-content\/uploads\/2026\/02\/logo-md-x.png 706w, https:\/\/www.alex.creation-site-divi.fr\/wp-content\/uploads\/2026\/02\/logo-md-x-300x275.png 300w\" sizes=\"(max-width: 706px) 100vw, 706px\" \/><\/figure><div class=\"elementor-image-box-content\"><p class=\"elementor-image-box-description\">BILAN INBODY (IMP\u00c9DANCEM\u00c8TRE PRO)<\/p><\/div><\/div>\t\t\t\t<\/div>\n\t\t\t\t<div class=\"elementor-element elementor-element-dcd48bb elementor-position-left elementor-vertical-align-middle elementor-widget elementor-widget-image-box\" data-id=\"dcd48bb\" data-element_type=\"widget\" data-e-type=\"widget\" data-widget_type=\"image-box.default\">\n\t\t\t\t\t<div class=\"elementor-image-box-wrapper\"><figure class=\"elementor-image-box-img\"><img fetchpriority=\"high\" decoding=\"async\" width=\"706\" height=\"647\" src=\"https:\/\/www.alex.creation-site-divi.fr\/wp-content\/uploads\/2026\/02\/logo-md-x.png\" class=\"attachment-full size-full wp-image-273\" alt=\"\" srcset=\"https:\/\/www.alex.creation-site-divi.fr\/wp-content\/uploads\/2026\/02\/logo-md-x.png 706w, https:\/\/www.alex.creation-site-divi.fr\/wp-content\/uploads\/2026\/02\/logo-md-x-300x275.png 300w\" sizes=\"(max-width: 706px) 100vw, 706px\" \/><\/figure><div class=\"elementor-image-box-content\"><p class=\"elementor-image-box-description\">PROGRAMMES ADAPT\u00c9S<\/p><\/div><\/div>\t\t\t\t<\/div>\n\t\t\t\t<div class=\"elementor-element elementor-element-64fe33f elementor-position-left elementor-vertical-align-middle elementor-widget elementor-widget-image-box\" data-id=\"64fe33f\" data-element_type=\"widget\" data-e-type=\"widget\" data-widget_type=\"image-box.default\">\n\t\t\t\t\t<div class=\"elementor-image-box-wrapper\"><figure class=\"elementor-image-box-img\"><img fetchpriority=\"high\" decoding=\"async\" width=\"706\" height=\"647\" src=\"https:\/\/www.alex.creation-site-divi.fr\/wp-content\/uploads\/2026\/02\/logo-md-x.png\" class=\"attachment-full size-full wp-image-273\" alt=\"\" srcset=\"https:\/\/www.alex.creation-site-divi.fr\/wp-content\/uploads\/2026\/02\/logo-md-x.png 706w, https:\/\/www.alex.creation-site-divi.fr\/wp-content\/uploads\/2026\/02\/logo-md-x-300x275.png 300w\" sizes=\"(max-width: 706px) 100vw, 706px\" \/><\/figure><div class=\"elementor-image-box-content\"><p class=\"elementor-image-box-description\"> \u00c9VALUATION DES R\u00c9SULTATS<\/p><\/div><\/div>\t\t\t\t<\/div>\n\t\t\t\t<div class=\"elementor-element elementor-element-afc892a elementor-position-left elementor-vertical-align-middle elementor-widget elementor-widget-image-box\" data-id=\"afc892a\" data-element_type=\"widget\" data-e-type=\"widget\" data-widget_type=\"image-box.default\">\n\t\t\t\t\t<div class=\"elementor-image-box-wrapper\"><figure class=\"elementor-image-box-img\"><img fetchpriority=\"high\" decoding=\"async\" width=\"706\" height=\"647\" src=\"https:\/\/www.alex.creation-site-divi.fr\/wp-content\/uploads\/2026\/02\/logo-md-x.png\" class=\"attachment-full size-full wp-image-273\" alt=\"\" srcset=\"https:\/\/www.alex.creation-site-divi.fr\/wp-content\/uploads\/2026\/02\/logo-md-x.png 706w, https:\/\/www.alex.creation-site-divi.fr\/wp-content\/uploads\/2026\/02\/logo-md-x-300x275.png 300w\" sizes=\"(max-width: 706px) 100vw, 706px\" \/><\/figure><div class=\"elementor-image-box-content\"><p class=\"elementor-image-box-description\"> SUIVRE SON \u00c9VOLUTION<\/p><\/div><\/div>\t\t\t\t<\/div>\n\t\t\t\t<\/div>\n\t\t\t\t<\/div>\n\t\t<div class=\"elementor-element elementor-element-b308703 e-flex e-con-boxed e-con e-parent\" data-id=\"b308703\" data-element_type=\"container\" data-e-type=\"container\" data-settings=\"{&quot;background_background&quot;:&quot;classic&quot;}\">\n\t\t\t\t\t<div class=\"e-con-inner\">\n\t\t\t\t<div class=\"elementor-element elementor-element-ebfeac5 elementor-widget-divider--view-line elementor-widget elementor-widget-divider\" data-id=\"ebfeac5\" data-element_type=\"widget\" data-e-type=\"widget\" data-widget_type=\"divider.default\">\n\t\t\t\t\t\t\t<div class=\"elementor-divider\">\n\t\t\t<span class=\"elementor-divider-separator\">\n\t\t\t\t\t\t<\/span>\n\t\t<\/div>\n\t\t\t\t\t\t<\/div>\n\t\t\t\t<div class=\"elementor-element elementor-element-c92892f elementor-widget__width-initial elementor-widget elementor-widget-text-editor\" data-id=\"c92892f\" data-element_type=\"widget\" data-e-type=\"widget\" data-widget_type=\"text-editor.default\">\n\t\t\t\t\t\t\t\t\t<h2 class=\"contact-form-h2 text-center text-black text-uppercase mb-0\">Les avantages du Personal Training<\/h2>\t\t\t\t\t\t\t\t<\/div>\n\t\t\t\t<div class=\"elementor-element elementor-element-61c567c elementor-widget elementor-widget-text-editor\" data-id=\"61c567c\" data-element_type=\"widget\" data-e-type=\"widget\" data-widget_type=\"text-editor.default\">\n\t\t\t\t\t\t\t\t\t<p class=\"contact-form-p text-center text-white\">Un entra\u00eeneur personnel est essentiel pour de nombreux membres ATHLETX REBEL, surtout s&rsquo;ils sont nouveaux ou s&rsquo;ils ont un objectif sp\u00e9cifique en t\u00eate dans un laps de temps d\u00e9fini. De l\u2019am\u00e9lioration de votre forme physique \u00e0 la motivation, travailler avec un coach\u00a0 personnel pr\u00e9sente de nombreux avantages :<\/p>\t\t\t\t\t\t\t\t<\/div>\n\t\t\t\t\t<\/div>\n\t\t\t\t<\/div>\n\t\t<div class=\"elementor-element elementor-element-2347378 e-flex e-con-boxed e-con e-parent\" data-id=\"2347378\" data-element_type=\"container\" data-e-type=\"container\">\n\t\t\t\t\t<div class=\"e-con-inner\">\n\t\t\t\t<div class=\"elementor-element elementor-element-587ae49 elementor-widget elementor-widget-text-editor\" data-id=\"587ae49\" data-element_type=\"widget\" data-e-type=\"widget\" data-widget_type=\"text-editor.default\">\n\t\t\t\t\t\t\t\t\t<h3><span class=\"letter-highlight\">P<\/span>lan d&rsquo;entra\u00eenement personnalis\u00e9<\/h3>\n<p class=\"contact-form-p text-left\">Un entra\u00eeneur personnel travaillera avec vous pour cr\u00e9er un plan d&rsquo;entra\u00eenement adapt\u00e9 \u00e0 vos objectifs, \u00e0 votre niveau de forme physique et \u00e0 toutes limitations ou blessures que vous pourriez avoir.\u00a0Comme vous b\u00e9n\u00e9ficiez d\u2019une exp\u00e9rience sur mesure qui vous convient, vous avez plus de chances de voir des r\u00e9sultats rapidement.<\/p>\t\t\t\t\t\t\t\t<\/div>\n\t\t\t\t<div class=\"elementor-element elementor-element-6de6777 elementor-widget elementor-widget-text-editor\" data-id=\"6de6777\" data-element_type=\"widget\" data-e-type=\"widget\" data-widget_type=\"text-editor.default\">\n\t\t\t\t\t\t\t\t\t<h3><span class=\"letter-highlight\">M<\/span>ouvements correctement execut\u00e9s<\/h3>\n<p class=\"contact-form-p text-left\">Vous apprendrez les techniques appropri\u00e9es pour les exercices, ce qui peut vous aider \u00e0 \u00e9viter les blessures en vous assurant de solliciter les bons groupes musculaires.<\/p>\t\t\t\t\t\t\t\t<\/div>\n\t\t\t\t<div class=\"elementor-element elementor-element-8f85e53 elementor-widget elementor-widget-text-editor\" data-id=\"8f85e53\" data-element_type=\"widget\" data-e-type=\"widget\" data-widget_type=\"text-editor.default\">\n\t\t\t\t\t\t\t\t\t<h3><span class=\"letter-highlight\">A<\/span>ssiduit\u00e9 correctement execut\u00e9s<\/h3>\n<p class=\"contact-form-p text-left\">Nous savons tous qu&rsquo;aller \u00e0 la salle de sport est l&rsquo;une des choses les plus difficiles, surtout par temps froid et pluvieux\u00a0!\u00a0Avoir une s\u00e9ance r\u00e9serv\u00e9e avec un coach personnel signifie que vous \u00eates moins susceptible d&rsquo;annuler, et lorsque vous aurez termin\u00e9 vous aurez la satisfaction travail accompli.<\/p>\t\t\t\t\t\t\t\t<\/div>\n\t\t\t\t<div class=\"elementor-element elementor-element-9121f4f elementor-widget elementor-widget-text-editor\" data-id=\"9121f4f\" data-element_type=\"widget\" data-e-type=\"widget\" data-widget_type=\"text-editor.default\">\n\t\t\t\t\t\t\t\t\t<h3><span class=\"letter-highlight\">A<\/span>cquisition de connaissances correctement execut\u00e9s<\/h3>\n<p class=\"contact-form-p text-left\">Les entra\u00eeneurs personnels apportent une richesse de connaissances et d\u2019exp\u00e9rience qui vont vous permettre d\u2019optimiser votre temps. Ils connaissent les m\u00e9thodes d\u2019entra\u00eenement les plus efficaces.\u00a0En travaillant avec coach personnel, vous pouvez exploiter leurs connaissances co\u00fbteuses sans faire de recherche vous-m\u00eame ni perdre de temps sur des m\u00e9thodes qui pourraient ne pas fonctionner et vous mettre en danger.<\/p>\t\t\t\t\t\t\t\t<\/div>\n\t\t\t\t<div class=\"elementor-element elementor-element-5635093 elementor-widget elementor-widget-text-editor\" data-id=\"5635093\" data-element_type=\"widget\" data-e-type=\"widget\" data-widget_type=\"text-editor.default\">\n\t\t\t\t\t\t\t\t\t<h3><span class=\"letter-highlight\">C<\/span>onfiance de connaissances correctement execut\u00e9s<\/h3>\n<p class=\"contact-form-p text-left\">Votre coach peut \u00e9liminer toute confusion que vous pourriez avoir \u00e0 propos de votre planification d\u2019entra\u00eenement.\u00a0Cela\u00a0 vous aidera \u00e0 vous sentir plus \u00e0 l\u2019aise et en confiance quand \u00e0 l\u2019atteinte de vos objectifs.<\/p>\t\t\t\t\t\t\t\t<\/div>\n\t\t\t\t\t<\/div>\n\t\t\t\t<\/div>\n\t\t<div class=\"elementor-element elementor-element-dbd9580 e-flex e-con-boxed e-con e-parent\" data-id=\"dbd9580\" data-element_type=\"container\" data-e-type=\"container\" data-settings=\"{&quot;background_background&quot;:&quot;classic&quot;}\">\n\t\t\t\t\t<div class=\"e-con-inner\">\n\t\t\t\t<div class=\"elementor-element elementor-element-43374cc elementor-widget-divider--view-line elementor-widget elementor-widget-divider\" data-id=\"43374cc\" data-element_type=\"widget\" data-e-type=\"widget\" data-widget_type=\"divider.default\">\n\t\t\t\t\t\t\t<div class=\"elementor-divider\">\n\t\t\t<span class=\"elementor-divider-separator\">\n\t\t\t\t\t\t<\/span>\n\t\t<\/div>\n\t\t\t\t\t\t<\/div>\n\t\t\t\t<div class=\"elementor-element elementor-element-76c8129 elementor-widget__width-initial elementor-widget elementor-widget-text-editor\" data-id=\"76c8129\" data-element_type=\"widget\" data-e-type=\"widget\" data-widget_type=\"text-editor.default\">\n\t\t\t\t\t\t\t\t\t<h2 class=\"contact-form-h2 text-center text-black text-uppercase mb-0\">T\u00c9MOIGNAGES<\/h2>\t\t\t\t\t\t\t\t<\/div>\n\t\t\t\t\t<\/div>\n\t\t\t\t<\/div>\n\t\t<div class=\"elementor-element elementor-element-b061b8e e-flex e-con-boxed e-con e-parent\" data-id=\"b061b8e\" data-element_type=\"container\" data-e-type=\"container\" data-settings=\"{&quot;background_background&quot;:&quot;classic&quot;}\">\n\t\t\t\t\t<div class=\"e-con-inner\">\n\t\t<div class=\"elementor-element elementor-element-401c173 e-con-full e-flex e-con e-child\" data-id=\"401c173\" data-element_type=\"container\" data-e-type=\"container\" data-settings=\"{&quot;background_background&quot;:&quot;classic&quot;}\">\n\t\t\t\t<div class=\"elementor-element elementor-element-66fc2b7 elementor-widget-divider--view-line elementor-widget elementor-widget-divider\" data-id=\"66fc2b7\" data-element_type=\"widget\" data-e-type=\"widget\" data-widget_type=\"divider.default\">\n\t\t\t\t\t\t\t<div class=\"elementor-divider\">\n\t\t\t<span class=\"elementor-divider-separator\">\n\t\t\t\t\t\t<\/span>\n\t\t<\/div>\n\t\t\t\t\t\t<\/div>\n\t\t\t\t<div class=\"elementor-element elementor-element-b00b5ec elementor-widget elementor-widget-text-editor\" data-id=\"b00b5ec\" data-element_type=\"widget\" data-e-type=\"widget\" data-widget_type=\"text-editor.default\">\n\t\t\t\t\t\t\t\t\t<h3 style=\"text-align: center;\">Patrick<\/h3><p class=\"myfontbold\">Restaurateur\u00a0 (51 ans)<\/p><p>Apr\u00e8s 8 semaines de 2 rendez-vous hebdomadaires, ma vie n\u2019a pas chang\u00e9 mais ma condition physique et mon corps oui. R\u00e9veil facile, souplesse retrouv\u00e9e, maux de dos disparus, perte de mon ventre, bref une sorte de renaissance et un bien-\u00eatre incroyable. J\u2019ai trouv\u00e9 une vraie solution adapt\u00e9e \u00e0 mon emploi du temps, \u00e0 mon manque d\u2019assiduit\u00e9 et de motivation.<\/p>\t\t\t\t\t\t\t\t<\/div>\n\t\t\t\t<\/div>\n\t\t<div class=\"elementor-element elementor-element-a5db984 e-con-full e-flex e-con e-child\" data-id=\"a5db984\" data-element_type=\"container\" data-e-type=\"container\" data-settings=\"{&quot;background_background&quot;:&quot;classic&quot;}\">\n\t\t\t\t<div class=\"elementor-element elementor-element-f3d3817 elementor-widget-divider--view-line elementor-widget elementor-widget-divider\" data-id=\"f3d3817\" data-element_type=\"widget\" data-e-type=\"widget\" data-widget_type=\"divider.default\">\n\t\t\t\t\t\t\t<div class=\"elementor-divider\">\n\t\t\t<span class=\"elementor-divider-separator\">\n\t\t\t\t\t\t<\/span>\n\t\t<\/div>\n\t\t\t\t\t\t<\/div>\n\t\t\t\t<div class=\"elementor-element elementor-element-a6d9eea elementor-widget elementor-widget-text-editor\" data-id=\"a6d9eea\" data-element_type=\"widget\" data-e-type=\"widget\" data-widget_type=\"text-editor.default\">\n\t\t\t\t\t\t\t\t\t<h3 style=\"text-align: center;\">Sophia<\/h3><p class=\"myfontbold\">Chef de projet (37 ans)<\/p><p>Gr\u00e2ce \u00e0 mon coach,\u00a0j\u2019ai retrouv\u00e9 la confiance en moi. Les entra\u00eenements et de meilleurs habitudes alimentaires ont contribu\u00e9 \u00e0 mon \u00e9panouissement. J\u2019ai eu un super accueil. La bonne humeur et la motivation\u00a0 sont toujours au rendez-vous, l\u2019ambiance et le cadre sont accueillants. D\u00e8s le premier rendez-vous,\u00a0le coach vous met \u00e0 l\u2019aise, vous \u00e9coute\u00a0et cherche une solution pour vous redonner le go\u00fbt du sport. Personnellement, je trouve que c\u2019est un investissement \u00ab bien-\u00eatre \u00bb qu\u2019on ne regrette pas.<\/p>\t\t\t\t\t\t\t\t<\/div>\n\t\t\t\t<\/div>\n\t\t\t\t\t<\/div>\n\t\t\t\t<\/div>\n\t\t\t\t<\/div>\n\t\t","protected":false},"excerpt":{"rendered":"<p>PERSONAL TRAINING UN COACHING SUR MESUREJUSTE POUR VOUS VOIR LES COACHS PERSONAL TRAINING Des r\u00e9sultats garantis ax\u00e9s sur vos objectifs Vous souhaitez vous engager dans une logique de pr\u00e9vention et de sant\u00e9, regagner confiance en vous, mieux vieillir, perdre du poids, am\u00e9liorer votre potentiel athl\u00e9tique, prendre de la masse musculaire\u2026 Vos motivations sont personnelles et [&hellip;]<\/p>\n","protected":false},"author":1,"featured_media":0,"parent":0,"menu_order":0,"comment_status":"closed","ping_status":"closed","template":"","meta":{"footnotes":""},"class_list":["post-1413","page","type-page","status-publish","hentry"],"_links":{"self":[{"href":"https:\/\/www.alex.creation-site-divi.fr\/index.php\/wp-json\/wp\/v2\/pages\/1413","targetHints":{"allow":["GET"]}}],"collection":[{"href":"https:\/\/www.alex.creation-site-divi.fr\/index.php\/wp-json\/wp\/v2\/pages"}],"about":[{"href":"https:\/\/www.alex.creation-site-divi.fr\/index.php\/wp-json\/wp\/v2\/types\/page"}],"author":[{"embeddable":true,"href":"https:\/\/www.alex.creation-site-divi.fr\/index.php\/wp-json\/wp\/v2\/users\/1"}],"replies":[{"embeddable":true,"href":"https:\/\/www.alex.creation-site-divi.fr\/index.php\/wp-json\/wp\/v2\/comments?post=1413"}],"version-history":[{"count":40,"href":"https:\/\/www.alex.creation-site-divi.fr\/index.php\/wp-json\/wp\/v2\/pages\/1413\/revisions"}],"predecessor-version":[{"id":1460,"href":"https:\/\/www.alex.creation-site-divi.fr\/index.php\/wp-json\/wp\/v2\/pages\/1413\/revisions\/1460"}],"wp:attachment":[{"href":"https:\/\/www.alex.creation-site-divi.fr\/index.php\/wp-json\/wp\/v2\/media?parent=1413"}],"curies":[{"name":"wp","href":"https:\/\/api.w.org\/{rel}","templated":true}]}}