{"id":67,"date":"2026-02-17T14:34:33","date_gmt":"2026-02-17T14:34:33","guid":{"rendered":"https:\/\/www.alex.creation-site-divi.fr\/?page_id=67"},"modified":"2026-02-19T21:45:06","modified_gmt":"2026-02-19T21:45:06","slug":"nos-studios","status":"publish","type":"page","link":"https:\/\/www.alex.creation-site-divi.fr\/index.php\/nos-studios\/","title":{"rendered":"Nos studios"},"content":{"rendered":"\t\t<div data-elementor-type=\"wp-page\" data-elementor-id=\"67\" class=\"elementor elementor-67\" data-elementor-post-type=\"page\">\n\t\t\t\t<div class=\"elementor-element elementor-element-c721a69 e-flex e-con-boxed e-con e-parent\" data-id=\"c721a69\" data-element_type=\"container\" data-e-type=\"container\" data-settings=\"{&quot;background_background&quot;:&quot;classic&quot;}\">\n\t\t\t\t\t<div class=\"e-con-inner\">\n\t\t\t\t<div class=\"elementor-element elementor-element-75a5b52 elementor-widget elementor-widget-text-editor\" data-id=\"75a5b52\" data-element_type=\"widget\" data-e-type=\"widget\" data-widget_type=\"text-editor.default\">\n\t\t\t\t\t\t\t\t\t<h1><span style=\"color: #ffffff;\">PREMI\u00c8RE FOIS<\/span><\/h1><div class=\"desktop-only\">\u00a0<\/div><h1 class=\"mb-0\"><span style=\"color: #ffffff;\">BIENVENUE CHEZ VOUS<\/span><br \/><span class=\"outline-text\" style=\"color: #ffffff;\">ON S&rsquo;OCCUPE DE TOUT<\/span><\/h1>\t\t\t\t\t\t\t\t<\/div>\n\t\t\t\t\t<\/div>\n\t\t\t\t<\/div>\n\t\t<div class=\"elementor-element elementor-element-2006f05 e-con-full e-flex e-con e-parent\" data-id=\"2006f05\" data-element_type=\"container\" data-e-type=\"container\">\n\t\t<div class=\"elementor-element elementor-element-493401c e-con-full e-flex e-con e-child\" data-id=\"493401c\" data-element_type=\"container\" data-e-type=\"container\">\n\t\t\t\t<div class=\"elementor-element elementor-element-2e77d54 elementor-widget-divider--view-line elementor-widget elementor-widget-divider\" data-id=\"2e77d54\" data-element_type=\"widget\" data-e-type=\"widget\" data-widget_type=\"divider.default\">\n\t\t\t\t\t\t\t<div class=\"elementor-divider\">\n\t\t\t<span class=\"elementor-divider-separator\">\n\t\t\t\t\t\t<\/span>\n\t\t<\/div>\n\t\t\t\t\t\t<\/div>\n\t\t\t\t<div class=\"elementor-element elementor-element-b6df8d7 elementor-widget elementor-widget-text-editor\" data-id=\"b6df8d7\" data-element_type=\"widget\" data-e-type=\"widget\" data-widget_type=\"text-editor.default\">\n\t\t\t\t\t\t\t\t\t<h2>VOTRE ARRIV\u00c9E AU STUDIO<\/h2><p>Nous vous conseillons d\u2019arriver 15\/20 minutes avant le d\u00e9but de votre cours.<\/p><p>Notre staff vous accueillera pour votre check-in, la remise de vos gants si vous participez \u00e0 un cours de cardio boxing et l\u2019indication de votre spot de d\u00e9part quelque soit le cours auquel vous participiez (tapis, rameur, v\u00e9lo, sol, sac). Pour les cours de yoga et de reformer pilates le placement est libre.<\/p><p>N\u2019h\u00e9sitez pas \u00e0 pr\u00e9ciser si c\u2019est votre premi\u00e8re s\u00e9ance, nous sommes l\u00e0 pour vous accompagner, vous conseiller et r\u00e9pondre \u00e0 toutes vos questions.<\/p>\t\t\t\t\t\t\t\t<\/div>\n\t\t\t\t<\/div>\n\t\t<div class=\"elementor-element elementor-element-807a293 e-con-full e-flex e-con e-child\" data-id=\"807a293\" data-element_type=\"container\" data-e-type=\"container\" data-settings=\"{&quot;background_background&quot;:&quot;classic&quot;}\">\n\t\t\t\t<\/div>\n\t\t\t\t<\/div>\n\t\t<div class=\"elementor-element elementor-element-24648a8 e-con-full e-flex e-con e-parent\" data-id=\"24648a8\" data-element_type=\"container\" data-e-type=\"container\">\n\t\t<div class=\"elementor-element elementor-element-0144bd7 e-con-full e-flex e-con e-child\" data-id=\"0144bd7\" data-element_type=\"container\" data-e-type=\"container\" data-settings=\"{&quot;background_background&quot;:&quot;classic&quot;}\">\n\t\t\t\t<\/div>\n\t\t<div class=\"elementor-element elementor-element-b5b96a3 e-con-full e-flex e-con e-child\" data-id=\"b5b96a3\" data-element_type=\"container\" data-e-type=\"container\">\n\t\t\t\t<div class=\"elementor-element elementor-element-49fe575 elementor-widget-divider--view-line elementor-widget elementor-widget-divider\" data-id=\"49fe575\" data-element_type=\"widget\" data-e-type=\"widget\" data-widget_type=\"divider.default\">\n\t\t\t\t\t\t\t<div class=\"elementor-divider\">\n\t\t\t<span class=\"elementor-divider-separator\">\n\t\t\t\t\t\t<\/span>\n\t\t<\/div>\n\t\t\t\t\t\t<\/div>\n\t\t\t\t<div class=\"elementor-element elementor-element-0c862ee elementor-widget elementor-widget-text-editor\" data-id=\"0c862ee\" data-element_type=\"widget\" data-e-type=\"widget\" data-widget_type=\"text-editor.default\">\n\t\t\t\t\t\t\t\t\t<h2>CE QU&rsquo;IL FAUT APPORTER<\/h2><p>Nous fournissons gratuitement des gants de boxe \u00e0 votre taille syst\u00e9matiquement d\u00e9sinfect\u00e9s et s\u00e9ch\u00e9s apr\u00e8s chaque session<\/p><p>Pour des questions d\u2019hygi\u00e8ne, le port de sous-gants est obligatoire. Ils sont disponibles \u00e0 l\u2019accueil au prix de 10\u20ac. Vous allez transpirer, c\u2019est garanti ! Prenez des v\u00eatements de sport l\u00e9gers et des chaussures confortables.<\/p><p>Notre studio est \u00e9quip\u00e9 d\u2019une fontaine pour vous hydrater (vous pouvez y remplir votre gourde) et diff\u00e9rentes sortes de boissons (rafra\u00eechissantes, protein\u00e9es, detox, \u00e9nergisantes) sont \u00e9galement disponibles au Rebel bar.<\/p>\t\t\t\t\t\t\t\t<\/div>\n\t\t\t\t<\/div>\n\t\t\t\t<\/div>\n\t\t<div class=\"elementor-element elementor-element-62a115d e-con-full e-flex e-con e-parent\" data-id=\"62a115d\" data-element_type=\"container\" data-e-type=\"container\">\n\t\t<div class=\"elementor-element elementor-element-047ea7b e-con-full e-flex e-con e-child\" data-id=\"047ea7b\" data-element_type=\"container\" data-e-type=\"container\">\n\t\t\t\t<div class=\"elementor-element elementor-element-0687bd4 elementor-widget-divider--view-line elementor-widget elementor-widget-divider\" data-id=\"0687bd4\" data-element_type=\"widget\" data-e-type=\"widget\" data-widget_type=\"divider.default\">\n\t\t\t\t\t\t\t<div class=\"elementor-divider\">\n\t\t\t<span class=\"elementor-divider-separator\">\n\t\t\t\t\t\t<\/span>\n\t\t<\/div>\n\t\t\t\t\t\t<\/div>\n\t\t\t\t<div class=\"elementor-element elementor-element-bbcf027 elementor-widget elementor-widget-text-editor\" data-id=\"bbcf027\" data-element_type=\"widget\" data-e-type=\"widget\" data-widget_type=\"text-editor.default\">\n\t\t\t\t\t\t\t\t\t<h2>LES SESSIONS DANS LA DARK ROOM, LE X-LAB, LA ZEN ROOM ET LE STUDIO X-BIKE<\/h2><p>Plongez dans la p\u00e9nombre pendant 50\/60 minutes dans la Dark Room, commencez par un warm-up basique mais efficace pour faire monter la temp\u00e9rature avant d&rsquo;encha\u00eener des exercices plus dynamiques au sol, sur banc, sur tapis de course, rameur ou sac de frappes.<\/p><p>Dans la ZEN ROOM vous allez apprendre \u00e0 respirer, \u00e0 vous d\u00e9tendre et \u00e0 mettre au travail vos muscles profonds. Yoga ou Pilates sur reformer, vous allez gainer et sculpter votre silhouette tout en l&rsquo;allongeant.<\/p><p>Le X-LAB pour des entra\u00eenements priv\u00e9s ou en small groupe avec une approche nouvelle de l\u2019entra\u00eenement fonctionnel. Vous allez y d\u00e9velopper des qualit\u00e9s physiques et athl\u00e9tiques exceptionnelles !<\/p><p>Le X-BIKE, l\u2019incin\u00e9rateur \u00e0 calories. Ce cours va agir sur plusieurs parties de votre corps et vous apportera une grande satisfaction\u00a0en plus d\u2019incroyables r\u00e9sultats.<\/p><p>Apr\u00e8s avoir tout donn\u00e9 vient le repos du guerrier. Vous finirez sur un retour au calme, des \u00e9tirements et ou une m\u00e9ditation selon le cours.<\/p>\t\t\t\t\t\t\t\t<\/div>\n\t\t\t\t<\/div>\n\t\t<div class=\"elementor-element elementor-element-9f47442 e-con-full e-flex e-con e-child\" data-id=\"9f47442\" data-element_type=\"container\" data-e-type=\"container\" data-settings=\"{&quot;background_background&quot;:&quot;classic&quot;}\">\n\t\t\t\t<\/div>\n\t\t\t\t<\/div>\n\t\t<div class=\"elementor-element elementor-element-7bc213c e-flex e-con-boxed e-con e-parent\" data-id=\"7bc213c\" data-element_type=\"container\" data-e-type=\"container\" data-settings=\"{&quot;background_background&quot;:&quot;classic&quot;}\">\n\t\t\t\t\t<div class=\"e-con-inner\">\n\t\t<div class=\"elementor-element elementor-element-f7fda62 e-con-full e-flex e-con e-child\" data-id=\"f7fda62\" data-element_type=\"container\" data-e-type=\"container\">\n\t\t\t\t<div class=\"elementor-element elementor-element-4798fbc elementor--h-position-center elementor--v-position-middle elementor-arrows-position-inside elementor-pagination-position-inside elementor-widget elementor-widget-slides\" data-id=\"4798fbc\" data-element_type=\"widget\" data-e-type=\"widget\" data-settings=\"{&quot;navigation&quot;:&quot;both&quot;,&quot;autoplay&quot;:&quot;yes&quot;,&quot;pause_on_hover&quot;:&quot;yes&quot;,&quot;pause_on_interaction&quot;:&quot;yes&quot;,&quot;autoplay_speed&quot;:5000,&quot;infinite&quot;:&quot;yes&quot;,&quot;transition&quot;:&quot;slide&quot;,&quot;transition_speed&quot;:500}\" data-widget_type=\"slides.default\">\n\t\t\t\t\t\t\t\t\t\t<div class=\"elementor-slides-wrapper elementor-main-swiper swiper\" role=\"region\" aria-roledescription=\"carousel\" aria-label=\"Diapositives\" dir=\"ltr\" data-animation=\"fadeInUp\">\n\t\t\t\t<div class=\"swiper-wrapper elementor-slides\">\n\t\t\t\t\t\t\t\t\t\t<div class=\"elementor-repeater-item-e4765c1 swiper-slide\" role=\"group\" aria-roledescription=\"slide\"><div class=\"swiper-slide-bg\" role=\"img\" aria-label=\"slide4\"><\/div><div class=\"swiper-slide-inner\" ><div class=\"swiper-slide-contents\"><\/div><\/div><\/div><div class=\"elementor-repeater-item-c62ea66 swiper-slide\" role=\"group\" aria-roledescription=\"slide\"><div class=\"swiper-slide-bg\" role=\"img\" aria-label=\"slide2 (1)\"><\/div><div class=\"swiper-slide-inner\" ><div class=\"swiper-slide-contents\"><\/div><\/div><\/div><div class=\"elementor-repeater-item-5669312 swiper-slide\" role=\"group\" aria-roledescription=\"slide\"><div class=\"swiper-slide-bg\" role=\"img\" aria-label=\"slide1\"><\/div><div class=\"swiper-slide-inner\" ><div class=\"swiper-slide-contents\"><\/div><\/div><\/div><div class=\"elementor-repeater-item-8e921d0 swiper-slide\" role=\"group\" aria-roledescription=\"slide\"><div class=\"swiper-slide-bg\" role=\"img\" aria-label=\"image00055\"><\/div><div class=\"swiper-slide-inner\" ><div class=\"swiper-slide-contents\"><\/div><\/div><\/div><div class=\"elementor-repeater-item-53bb953 swiper-slide\" role=\"group\" aria-roledescription=\"slide\"><div class=\"swiper-slide-bg\" role=\"img\" aria-label=\"slide2\"><\/div><div class=\"swiper-slide-inner\" ><div class=\"swiper-slide-contents\"><\/div><\/div><\/div>\t\t\t\t<\/div>\n\t\t\t\t\t\t\t\t\t\t\t\t\t\t\t<div class=\"elementor-swiper-button elementor-swiper-button-prev\" role=\"button\" tabindex=\"0\" aria-label=\"Diapositive pr\u00e9c\u00e9dente\">\n\t\t\t\t\t\t\t<svg aria-hidden=\"true\" class=\"e-font-icon-svg e-eicon-chevron-left\" viewBox=\"0 0 1000 1000\" xmlns=\"http:\/\/www.w3.org\/2000\/svg\"><path d=\"M646 125C629 125 613 133 604 142L308 442C296 454 292 471 292 487 292 504 296 521 308 533L604 854C617 867 629 875 646 875 663 875 679 871 692 858 704 846 713 829 713 812 713 796 708 779 692 767L438 487 692 225C700 217 708 204 708 187 708 171 704 154 692 142 675 129 663 125 646 125Z\"><\/path><\/svg>\t\t\t\t\t\t<\/div>\n\t\t\t\t\t\t<div class=\"elementor-swiper-button elementor-swiper-button-next\" role=\"button\" tabindex=\"0\" aria-label=\"Diapositive suivante\">\n\t\t\t\t\t\t\t<svg aria-hidden=\"true\" class=\"e-font-icon-svg e-eicon-chevron-right\" viewBox=\"0 0 1000 1000\" xmlns=\"http:\/\/www.w3.org\/2000\/svg\"><path d=\"M696 533C708 521 713 504 713 487 713 471 708 454 696 446L400 146C388 133 375 125 354 125 338 125 325 129 313 142 300 154 292 171 292 187 292 204 296 221 308 233L563 492 304 771C292 783 288 800 288 817 288 833 296 850 308 863 321 871 338 875 354 875 371 875 388 867 400 854L696 533Z\"><\/path><\/svg>\t\t\t\t\t\t<\/div>\n\t\t\t\t\t\t\t\t\t\t\t\t\t\t\t\t<div class=\"swiper-pagination\"><\/div>\n\t\t\t\t\t\t\t\t\t\t\t\t<\/div>\n\t\t\t\t\t\t\t\t<\/div>\n\t\t\t\t<\/div>\n\t\t<div class=\"elementor-element elementor-element-592cea4 e-con-full e-flex e-con e-child\" data-id=\"592cea4\" data-element_type=\"container\" data-e-type=\"container\">\n\t\t\t\t<div class=\"elementor-element elementor-element-2756d2b elementor-widget-divider--view-line elementor-widget elementor-widget-divider\" data-id=\"2756d2b\" data-element_type=\"widget\" data-e-type=\"widget\" data-widget_type=\"divider.default\">\n\t\t\t\t\t\t\t<div class=\"elementor-divider\">\n\t\t\t<span class=\"elementor-divider-separator\">\n\t\t\t\t\t\t<\/span>\n\t\t<\/div>\n\t\t\t\t\t\t<\/div>\n\t\t\t\t<div class=\"elementor-element elementor-element-e12153b elementor-widget elementor-widget-text-editor\" data-id=\"e12153b\" data-element_type=\"widget\" data-e-type=\"widget\" data-widget_type=\"text-editor.default\">\n\t\t\t\t\t\t\t\t\t<h2><span style=\"color: #ffffff;\">POST WORKOUT<\/span><\/h2>\t\t\t\t\t\t\t\t<\/div>\n\t\t\t\t<div class=\"elementor-element elementor-element-1bed800 elementor-widget elementor-widget-text-editor\" data-id=\"1bed800\" data-element_type=\"widget\" data-e-type=\"widget\" data-widget_type=\"text-editor.default\">\n\t\t\t\t\t\t\t\t\t<p>C&rsquo;est d\u00e9j\u00e0 fini !<\/p><p class=\"contact-form-p text-left text-white\">Des serviettes et notre gamme de soins d\u2019origine naturelle, vegans et \u00e9thiques vous attendent dans les douches pour r\u00e9cup\u00e9rer et prendre soin de votre peau. Vous pourrez aussi vous s\u00e9cher ou lisser vos cheveux apr\u00e8s avoir profit\u00e9 d\u2019un petit moment de d\u00e9tente dans l\u2019un de nos saunas.<\/p>\t\t\t\t\t\t\t\t<\/div>\n\t\t\t\t<\/div>\n\t\t\t\t\t<\/div>\n\t\t\t\t<\/div>\n\t\t<div class=\"elementor-element elementor-element-795e7a6 e-flex e-con-boxed e-con e-parent\" data-id=\"795e7a6\" data-element_type=\"container\" data-e-type=\"container\" data-settings=\"{&quot;background_background&quot;:&quot;classic&quot;}\">\n\t\t\t\t\t<div class=\"e-con-inner\">\n\t\t\t\t<div class=\"elementor-element elementor-element-fd715af elementor-align-center elementor-widget elementor-widget-button\" data-id=\"fd715af\" data-element_type=\"widget\" data-e-type=\"widget\" data-widget_type=\"button.default\">\n\t\t\t\t\t\t\t\t\t\t<a class=\"elementor-button elementor-button-link elementor-size-sm\" href=\"#\">\n\t\t\t\t\t\t<span class=\"elementor-button-content-wrapper\">\n\t\t\t\t\t\t\t\t\t<span class=\"elementor-button-text\">R\u00c9SERVEZ MAINTENANT<\/span>\n\t\t\t\t\t<\/span>\n\t\t\t\t\t<\/a>\n\t\t\t\t\t\t\t\t<\/div>\n\t\t\t\t\t<\/div>\n\t\t\t\t<\/div>\n\t\t<div class=\"elementor-element elementor-element-99bc171 e-con-full e-flex e-con e-parent\" data-id=\"99bc171\" data-element_type=\"container\" data-e-type=\"container\">\n\t\t<div class=\"elementor-element elementor-element-2d446ec e-con-full e-flex e-con e-child\" data-id=\"2d446ec\" data-element_type=\"container\" data-e-type=\"container\" data-settings=\"{&quot;background_background&quot;:&quot;classic&quot;}\">\n\t\t\t\t<\/div>\n\t\t<div class=\"elementor-element elementor-element-528a527 e-con-full e-flex e-con e-child\" data-id=\"528a527\" data-element_type=\"container\" data-e-type=\"container\">\n\t\t\t\t<div class=\"elementor-element elementor-element-64e43e4 elementor-widget elementor-widget-text-editor\" data-id=\"64e43e4\" data-element_type=\"widget\" data-e-type=\"widget\" data-widget_type=\"text-editor.default\">\n\t\t\t\t\t\t\t\t\t<h3><span style=\"color: #ffffff;\">OFFRE DE BIENVENUE<\/span><\/h3>\t\t\t\t\t\t\t\t<\/div>\n\t\t\t\t<div class=\"elementor-element elementor-element-e0aa1f1 elementor-widget elementor-widget-text-editor\" data-id=\"e0aa1f1\" data-element_type=\"widget\" data-e-type=\"widget\" data-widget_type=\"text-editor.default\">\n\t\t\t\t\t\t\t\t\t<p class=\"intro\">2 sessions pour d\u00e9couvrir, se d\u00e9fouler, d\u00e9connecter.<\/p>\t\t\t\t\t\t\t\t<\/div>\n\t\t\t\t<div class=\"elementor-element elementor-element-04c9262 elementor-widget__width-initial elementor-widget elementor-widget-text-editor\" data-id=\"04c9262\" data-element_type=\"widget\" data-e-type=\"widget\" data-widget_type=\"text-editor.default\">\n\t\t\t\t\t\t\t\t\t<h3><span style=\"color: #ffe159;\">34 \u20ac<\/span><\/h3>\t\t\t\t\t\t\t\t<\/div>\n\t\t\t\t<div class=\"elementor-element elementor-element-6c4ada1 elementor-align-center elementor-widget elementor-widget-button\" data-id=\"6c4ada1\" data-element_type=\"widget\" data-e-type=\"widget\" data-widget_type=\"button.default\">\n\t\t\t\t\t\t\t\t\t\t<a class=\"elementor-button elementor-button-link elementor-size-sm\" href=\"#\">\n\t\t\t\t\t\t<span class=\"elementor-button-content-wrapper\">\n\t\t\t\t\t\t\t\t\t<span class=\"elementor-button-text\">J'EN PROFITE<\/span>\n\t\t\t\t\t<\/span>\n\t\t\t\t\t<\/a>\n\t\t\t\t\t\t\t\t<\/div>\n\t\t\t\t<\/div>\n\t\t\t\t<\/div>\n\t\t<div class=\"elementor-element elementor-element-cc4d265 e-flex e-con-boxed e-con e-parent\" data-id=\"cc4d265\" data-element_type=\"container\" data-e-type=\"container\" data-settings=\"{&quot;background_background&quot;:&quot;classic&quot;}\">\n\t\t\t\t\t<div class=\"e-con-inner\">\n\t\t\t\t<div class=\"elementor-element elementor-element-450a316 elementor-align-center elementor-widget elementor-widget-button\" data-id=\"450a316\" data-element_type=\"widget\" data-e-type=\"widget\" data-widget_type=\"button.default\">\n\t\t\t\t\t\t\t\t\t\t<a class=\"elementor-button elementor-button-link elementor-size-sm\" href=\"#\">\n\t\t\t\t\t\t<span class=\"elementor-button-content-wrapper\">\n\t\t\t\t\t\t\t\t\t<span class=\"elementor-button-text\">D\u00c9COUVRIR NOS OFFRES<\/span>\n\t\t\t\t\t<\/span>\n\t\t\t\t\t<\/a>\n\t\t\t\t\t\t\t\t<\/div>\n\t\t\t\t\t<\/div>\n\t\t\t\t<\/div>\n\t\t\t\t<\/div>\n\t\t","protected":false},"excerpt":{"rendered":"<p>PREMI\u00c8RE FOIS \u00a0 BIENVENUE CHEZ VOUSON S&rsquo;OCCUPE DE TOUT VOTRE ARRIV\u00c9E AU STUDIO Nous vous conseillons d\u2019arriver 15\/20 minutes avant le d\u00e9but de votre cours. Notre staff vous accueillera pour votre check-in, la remise de vos gants si vous participez \u00e0 un cours de cardio boxing et l\u2019indication de votre spot de d\u00e9part quelque soit [&hellip;]<\/p>\n","protected":false},"author":1,"featured_media":0,"parent":0,"menu_order":0,"comment_status":"closed","ping_status":"closed","template":"","meta":{"footnotes":""},"class_list":["post-67","page","type-page","status-publish","hentry"],"_links":{"self":[{"href":"https:\/\/www.alex.creation-site-divi.fr\/index.php\/wp-json\/wp\/v2\/pages\/67","targetHints":{"allow":["GET"]}}],"collection":[{"href":"https:\/\/www.alex.creation-site-divi.fr\/index.php\/wp-json\/wp\/v2\/pages"}],"about":[{"href":"https:\/\/www.alex.creation-site-divi.fr\/index.php\/wp-json\/wp\/v2\/types\/page"}],"author":[{"embeddable":true,"href":"https:\/\/www.alex.creation-site-divi.fr\/index.php\/wp-json\/wp\/v2\/users\/1"}],"replies":[{"embeddable":true,"href":"https:\/\/www.alex.creation-site-divi.fr\/index.php\/wp-json\/wp\/v2\/comments?post=67"}],"version-history":[{"count":67,"href":"https:\/\/www.alex.creation-site-divi.fr\/index.php\/wp-json\/wp\/v2\/pages\/67\/revisions"}],"predecessor-version":[{"id":1546,"href":"https:\/\/www.alex.creation-site-divi.fr\/index.php\/wp-json\/wp\/v2\/pages\/67\/revisions\/1546"}],"wp:attachment":[{"href":"https:\/\/www.alex.creation-site-divi.fr\/index.php\/wp-json\/wp\/v2\/media?parent=67"}],"curies":[{"name":"wp","href":"https:\/\/api.w.org\/{rel}","templated":true}]}}